{"id":88,"date":"2025-01-28T23:00:49","date_gmt":"2025-01-28T20:00:49","guid":{"rendered":"https:\/\/darkcyan-mantis-631786.hostingersite.com\/?page_id=88"},"modified":"2025-08-13T10:13:58","modified_gmt":"2025-08-13T07:13:58","slug":"hakkimizda","status":"publish","type":"page","link":"https:\/\/legacy.mithrapack.com\/ru\/hakkimizda\/","title":{"rendered":"\u041e \u043a\u043e\u043c\u043f\u0430\u043d\u0438\u0438"},"content":{"rendered":"\t\t<div data-elementor-type=\"wp-page\" data-elementor-id=\"88\" class=\"elementor elementor-88\" data-elementor-post-type=\"page\">\n\t\t\t\t<div class=\"elementor-element elementor-element-2a3984c e-con-full e-flex e-con e-parent\" data-id=\"2a3984c\" data-element_type=\"container\" data-e-type=\"container\">\n\t\t\t\t<div class=\"elementor-element elementor-element-62d1259 elementor-widget__width-initial elementor-widget-tablet__width-inherit elementor-icon-list--layout-traditional elementor-list-item-link-full_width elementor-widget elementor-widget-icon-list\" data-id=\"62d1259\" data-element_type=\"widget\" data-e-type=\"widget\" data-widget_type=\"icon-list.default\">\n\t\t\t\t<div class=\"elementor-widget-container\">\n\t\t\t\t\t\t\t<ul class=\"elementor-icon-list-items\">\n\t\t\t\t\t\t\t<li class=\"elementor-icon-list-item\">\n\t\t\t\t\t\t\t\t\t\t\t<span class=\"elementor-icon-list-icon\">\n\t\t\t\t\t\t\t<svg aria-hidden=\"true\" class=\"e-font-icon-svg e-far-dot-circle\" viewBox=\"0 0 512 512\" xmlns=\"http:\/\/www.w3.org\/2000\/svg\"><path d=\"M256 56c110.532 0 200 89.451 200 200 0 110.532-89.451 200-200 200-110.532 0-200-89.451-200-200 0-110.532 89.451-200 200-200m0-48C119.033 8 8 119.033 8 256s111.033 248 248 248 248-111.033 248-248S392.967 8 256 8zm0 168c-44.183 0-80 35.817-80 80s35.817 80 80 80 80-35.817 80-80-35.817-80-80-80z\"><\/path><\/svg>\t\t\t\t\t\t<\/span>\n\t\t\t\t\t\t\t\t\t\t<span class=\"elementor-icon-list-text\">K\u00f6kl\u00fc aile miras\u0131m\u0131zdan ald\u0131\u011f\u0131m\u0131z g\u00fc\u00e7le, 2023 y\u0131l\u0131ndan beri sekt\u00f6re de\u011fer kat\u0131yoruz.<\/span>\n\t\t\t\t\t\t\t\t\t<\/li>\n\t\t\t\t\t\t<\/ul>\n\t\t\t\t\t\t<\/div>\n\t\t\t\t<\/div>\n\t\t\t\t<div class=\"elementor-element elementor-element-3b9332e elementor-widget__width-initial elementor-widget-tablet__width-inherit elementor-widget elementor-widget-text-editor\" data-id=\"3b9332e\" data-element_type=\"widget\" data-e-type=\"widget\" data-widget_type=\"text-editor.default\">\n\t\t\t\t<div class=\"elementor-widget-container\">\n\t\t\t\t\t\t\t\t\t<p>Sanayicilikte nesiller boyu s\u00fcregelen k\u00f6kl\u00fc aile miras\u0131m\u0131zdan ald\u0131\u011f\u0131m\u0131z engin tecr\u00fcbe ve vizyonla, \u00fc\u00e7\u00fcnc\u00fc ku\u015fak olarak sekt\u00f6re g\u00fc\u00e7l\u00fc bir ad\u0131m att\u0131k. Mithrapack Ambalaj \u0130hracat \u0130thalat Limited \u015eirketi \u00e7at\u0131s\u0131 alt\u0131nda, ailemizin y\u0131llara dayanan sanayicilik birikimini, g\u00fcn\u00fcm\u00fcz t\u00fcketim d\u00fcnyas\u0131nda ambalaj\u0131n h\u0131zla artan stratejik \u00f6nemi ve katma de\u011feriyle ustaca harmanlayarak, 2023 y\u0131l\u0131nda esnek ambalaj sekt\u00f6r\u00fcne giri\u015f yapt\u0131k.<\/p>\t\t\t\t\t\t\t\t<\/div>\n\t\t\t\t<\/div>\n\t\t\t\t<\/div>\n\t\t<div class=\"elementor-element elementor-element-5c9b0b2 e-con-full e-flex e-con e-parent\" data-id=\"5c9b0b2\" data-element_type=\"container\" data-e-type=\"container\">\n\t\t<div class=\"elementor-element elementor-element-b0ab67d e-flex e-con-boxed e-con e-child\" data-id=\"b0ab67d\" data-element_type=\"container\" data-e-type=\"container\" data-settings=\"{&quot;motion_fx_motion_fx_scrolling&quot;:&quot;yes&quot;,&quot;motion_fx_opacity_effect&quot;:&quot;yes&quot;,&quot;motion_fx_opacity_direction&quot;:&quot;in-out&quot;,&quot;motion_fx_opacity_range&quot;:{&quot;unit&quot;:&quot;%&quot;,&quot;size&quot;:&quot;&quot;,&quot;sizes&quot;:{&quot;start&quot;:75,&quot;end&quot;:85}},&quot;motion_fx_devices&quot;:[&quot;desktop&quot;],&quot;motion_fx_opacity_level&quot;:{&quot;unit&quot;:&quot;px&quot;,&quot;size&quot;:10,&quot;sizes&quot;:[]}}\">\n\t\t\t\t\t<div class=\"e-con-inner\">\n\t\t<div class=\"elementor-element elementor-element-0d2a31c e-con-full e-flex e-con e-child\" data-id=\"0d2a31c\" data-element_type=\"container\" data-e-type=\"container\" data-settings=\"{&quot;background_background&quot;:&quot;classic&quot;}\">\n\t\t\t\t<div class=\"elementor-element elementor-element-dbcaf6c elementor-view-default elementor-widget elementor-widget-icon\" data-id=\"dbcaf6c\" data-element_type=\"widget\" data-e-type=\"widget\" data-widget_type=\"icon.default\">\n\t\t\t\t<div class=\"elementor-widget-container\">\n\t\t\t\t\t\t\t<div class=\"elementor-icon-wrapper\">\n\t\t\t<div class=\"elementor-icon\">\n\t\t\t<svg xmlns=\"http:\/\/www.w3.org\/2000\/svg\" id=\"Layer_1\" data-name=\"Layer 1\" viewBox=\"0 0 24 24\"><path d=\"m6,12c3.309,0,6-2.691,6-6S9.309,0,6,0,0,2.691,0,6s2.691,6,6,6Zm0-10c2.206,0,4,1.794,4,4,0,1.127-.472,2.143-1.225,2.87-.446-1.095-1.516-1.87-2.77-1.87h-.01c-1.255,0-2.326.774-2.772,1.869-.751-.728-1.223-1.742-1.223-2.869,0-2.206,1.794-4,4-4Zm-1.5,2.5c0-.828.672-1.5,1.5-1.5s1.5.672,1.5,1.5-.672,1.5-1.5,1.5-1.5-.672-1.5-1.5Zm18.863,2.379c-.119.047-.242.068-.363.068-.4,0-.778-.241-.932-.637l-1.114-2.855c-3.657,7.752-10.274,12.966-19.694,15.511-.087.023-.175.034-.261.034-.441,0-.845-.293-.965-.739-.144-.533.171-1.082.705-1.227,8.859-2.393,15.057-7.279,18.45-14.532l-3.072,1.198c-.517.202-1.095-.055-1.295-.568-.201-.515.054-1.094.568-1.295L19.791.12c.957-.376,2.048.102,2.424,1.062l1.717,4.401c.201.515-.054,1.094-.568,1.295Zm-.363,2.121v14c0,.553-.448,1-1,1s-1-.447-1-1v-14c0-.553.448-1,1-1s1,.447,1,1Zm-5,5v9c0,.553-.448,1-1,1s-1-.447-1-1v-9c0-.553.448-1,1-1s1,.447,1,1Zm-5,4v5c0,.553-.448,1-1,1s-1-.447-1-1v-5c0-.553.448-1,1-1s1,.447,1,1Zm-5,2v3c0,.553-.448,1-1,1s-1-.447-1-1v-3c0-.553.448-1,1-1s1,.447,1,1Zm-5,2v1c0,.553-.448,1-1,1s-1-.447-1-1v-1c0-.553.448-1,1-1s1,.447,1,1Z\"><\/path><\/svg>\t\t\t<\/div>\n\t\t<\/div>\n\t\t\t\t\t\t<\/div>\n\t\t\t\t<\/div>\n\t\t<div class=\"elementor-element elementor-element-17e2f58 e-con-full e-flex e-con e-child\" data-id=\"17e2f58\" data-element_type=\"container\" data-e-type=\"container\">\n\t\t\t\t<div class=\"elementor-element elementor-element-3f218be elementor-widget elementor-widget-heading\" data-id=\"3f218be\" data-element_type=\"widget\" data-e-type=\"widget\" data-widget_type=\"heading.default\">\n\t\t\t\t<div class=\"elementor-widget-container\">\n\t\t\t\t\t<h2 class=\"elementor-heading-title elementor-size-default\">Geli\u015fim ve Yenilik\u00e7ilik<\/h2>\t\t\t\t<\/div>\n\t\t\t\t<\/div>\n\t\t\t\t<div class=\"elementor-element elementor-element-6772ee9 elementor-widget elementor-widget-text-editor\" data-id=\"6772ee9\" data-element_type=\"widget\" data-e-type=\"widget\" data-widget_type=\"text-editor.default\">\n\t\t\t\t<div class=\"elementor-widget-container\">\n\t\t\t\t\t\t\t\t\t<p data-start=\"127\" data-end=\"306\">Mithrapack, sekt\u00f6rdeki geli\u015fmeleri yak\u0131ndan takip ederek m\u00fc\u015fterilerine ve i\u015f ortaklar\u0131na en etkili, h\u0131zl\u0131 ve kaliteli ambalaj \u00e7\u00f6z\u00fcmlerini sunar. S\u00fcrekli yenilenen teknolojilere ve trendlere uyumlu, modern, inovatif ve s\u00fcrd\u00fcr\u00fclebilir \u00e7\u00f6z\u00fcmler i\u00e7in \u00e7al\u0131\u015f\u0131r.<\/p>\t\t\t\t\t\t\t\t<\/div>\n\t\t\t\t<\/div>\n\t\t\t\t<\/div>\n\t\t\t\t<\/div>\n\t\t<div class=\"elementor-element elementor-element-2219acf e-con-full e-flex e-con e-child\" data-id=\"2219acf\" data-element_type=\"container\" data-e-type=\"container\" data-settings=\"{&quot;background_background&quot;:&quot;classic&quot;}\">\n\t\t\t\t<div class=\"elementor-element elementor-element-ad1001d elementor-view-default elementor-widget elementor-widget-icon\" data-id=\"ad1001d\" data-element_type=\"widget\" data-e-type=\"widget\" data-widget_type=\"icon.default\">\n\t\t\t\t<div class=\"elementor-widget-container\">\n\t\t\t\t\t\t\t<div class=\"elementor-icon-wrapper\">\n\t\t\t<div class=\"elementor-icon\">\n\t\t\t<svg xmlns=\"http:\/\/www.w3.org\/2000\/svg\" id=\"Layer_1\" height=\"512\" viewBox=\"0 0 24 24\" width=\"512\" data-name=\"Layer 1\"><path d=\"m9 24h-8a1 1 0 0 1 0-2h8a1 1 0 0 1 0 2z\"><\/path><path d=\"m7 20h-6a1 1 0 0 1 0-2h6a1 1 0 0 1 0 2z\"><\/path><path d=\"m5 16h-4a1 1 0 0 1 0-2h4a1 1 0 0 1 0 2z\"><\/path><path d=\"m13 23.955a1 1 0 0 1 -.089-2 10 10 0 1 0 -10.87-10.865 1 1 0 0 1 -1.992-.18 12 12 0 0 1 23.951 1.09 11.934 11.934 0 0 1 -10.91 11.951c-.03.003-.061.004-.09.004z\"><\/path><path d=\"m12 6a1 1 0 0 0 -1 1v5a1 1 0 0 0 .293.707l3 3a1 1 0 0 0 1.414-1.414l-2.707-2.707v-4.586a1 1 0 0 0 -1-1z\"><\/path><\/svg>\t\t\t<\/div>\n\t\t<\/div>\n\t\t\t\t\t\t<\/div>\n\t\t\t\t<\/div>\n\t\t<div class=\"elementor-element elementor-element-f0738cf e-con-full e-flex e-con e-child\" data-id=\"f0738cf\" data-element_type=\"container\" data-e-type=\"container\">\n\t\t\t\t<div class=\"elementor-element elementor-element-8304bdb elementor-widget elementor-widget-heading\" data-id=\"8304bdb\" data-element_type=\"widget\" data-e-type=\"widget\" data-widget_type=\"heading.default\">\n\t\t\t\t<div class=\"elementor-widget-container\">\n\t\t\t\t\t<h2 class=\"elementor-heading-title elementor-size-default\">H\u0131zl\u0131, Pratik ve Verimli Hizmet<\/h2>\t\t\t\t<\/div>\n\t\t\t\t<\/div>\n\t\t\t\t<div class=\"elementor-element elementor-element-dee1915 elementor-widget elementor-widget-text-editor\" data-id=\"dee1915\" data-element_type=\"widget\" data-e-type=\"widget\" data-widget_type=\"text-editor.default\">\n\t\t\t\t<div class=\"elementor-widget-container\">\n\t\t\t\t\t\t\t\t\t<p>Mithrapack, her projeyi \u00f6zel olarak de\u011ferlendirir, rekabet ko\u015fullar\u0131n\u0131 g\u00f6zeterek, m\u00fc\u015fterileriyle kar\u015f\u0131l\u0131kl\u0131 fayda ve kazan-kazan ilkelerini benimser. Etkili ileti\u015fim ile zaman tasarrufu sa\u011flar ve i\u015flerin kesintisiz y\u00fcr\u00fct\u00fclmesine katk\u0131da bulunur.<\/p>\t\t\t\t\t\t\t\t<\/div>\n\t\t\t\t<\/div>\n\t\t\t\t<\/div>\n\t\t\t\t<\/div>\n\t\t\t\t\t<\/div>\n\t\t\t\t<\/div>\n\t\t<div class=\"elementor-element elementor-element-ccdc7f2 e-flex e-con-boxed e-con e-child\" data-id=\"ccdc7f2\" data-element_type=\"container\" data-e-type=\"container\" data-settings=\"{&quot;motion_fx_motion_fx_scrolling&quot;:&quot;yes&quot;,&quot;motion_fx_opacity_effect&quot;:&quot;yes&quot;,&quot;motion_fx_opacity_direction&quot;:&quot;in-out&quot;,&quot;motion_fx_opacity_range&quot;:{&quot;unit&quot;:&quot;%&quot;,&quot;size&quot;:&quot;&quot;,&quot;sizes&quot;:{&quot;start&quot;:75,&quot;end&quot;:85}},&quot;motion_fx_opacity_level&quot;:{&quot;unit&quot;:&quot;px&quot;,&quot;size&quot;:10,&quot;sizes&quot;:[]},&quot;motion_fx_devices&quot;:[&quot;desktop&quot;,&quot;tablet&quot;,&quot;mobile&quot;]}\">\n\t\t\t\t\t<div class=\"e-con-inner\">\n\t\t<div class=\"elementor-element elementor-element-9845d91 e-con-full e-flex e-con e-child\" data-id=\"9845d91\" data-element_type=\"container\" data-e-type=\"container\" data-settings=\"{&quot;background_background&quot;:&quot;classic&quot;}\">\n\t\t\t\t<div class=\"elementor-element elementor-element-c126632 elementor-view-default elementor-widget elementor-widget-icon\" data-id=\"c126632\" data-element_type=\"widget\" data-e-type=\"widget\" data-widget_type=\"icon.default\">\n\t\t\t\t<div class=\"elementor-widget-container\">\n\t\t\t\t\t\t\t<div class=\"elementor-icon-wrapper\">\n\t\t\t<div class=\"elementor-icon\">\n\t\t\t<svg xmlns=\"http:\/\/www.w3.org\/2000\/svg\" id=\"Layer_1\" viewBox=\"0 0 24 24\" data-name=\"Layer 1\"><path d=\"m14 5c0-.553.447-1 1-1h3v-3c0-.553.447-1 1-1s1 .447 1 1v3h3c.553 0 1 .447 1 1s-.447 1-1 1h-3v3c0 .553-.447 1-1 1s-1-.447-1-1v-3h-3c-.553 0-1-.447-1-1zm-10.252 14.032c-1.775.463-3.233 1.919-3.713 3.708-.143.534.173 1.082.707 1.226.519.143 1.083-.169 1.225-.706.292-1.091 1.211-2.012 2.287-2.292.534-.14.854-.686.715-1.22-.14-.535-.686-.852-1.22-.716zm16.504 0c-.528-.136-1.08.181-1.22.716-.14.534.181 1.08.716 1.22 1.074.28 1.993 1.201 2.286 2.292.142.538.707.849 1.226.706.533-.144.85-.692.706-1.226-.481-1.789-1.938-3.245-3.714-3.708zm-15.752-7.032c-1.381 0-2.5 1.119-2.5 2.5s1.119 2.5 2.5 2.5 2.5-1.119 2.5-2.5-1.119-2.5-2.5-2.5zm17.5 2.5c0-1.381-1.119-2.5-2.5-2.5s-2.5 1.119-2.5 2.5 1.119 2.5 2.5 2.5 2.5-1.119 2.5-2.5zm-10-.5c1.381 0 2.5-1.119 2.5-2.5s-1.119-2.5-2.5-2.5-2.5 1.119-2.5 2.5 1.119 2.5 2.5 2.5zm0 2c-2.757 0-5 2.243-5 5v2c0 .553.448 1 1 1s1-.447 1-1v-2c0-1.654 1.346-3 3-3s3 1.346 3 3v2c0 .553.447 1 1 1s1-.447 1-1v-2c0-2.757-2.243-5-5-5z\"><\/path><\/svg>\t\t\t<\/div>\n\t\t<\/div>\n\t\t\t\t\t\t<\/div>\n\t\t\t\t<\/div>\n\t\t<div class=\"elementor-element elementor-element-6edee46 e-con-full e-flex e-con e-child\" data-id=\"6edee46\" data-element_type=\"container\" data-e-type=\"container\">\n\t\t\t\t<div class=\"elementor-element elementor-element-1096b97 elementor-widget elementor-widget-heading\" data-id=\"1096b97\" data-element_type=\"widget\" data-e-type=\"widget\" data-widget_type=\"heading.default\">\n\t\t\t\t<div class=\"elementor-widget-container\">\n\t\t\t\t\t<h2 class=\"elementor-heading-title elementor-size-default\">\u00c7al\u0131\u015fanlar\u0131m\u0131z Bizim Her \u015eeyimiz<\/h2>\t\t\t\t<\/div>\n\t\t\t\t<\/div>\n\t\t\t\t<div class=\"elementor-element elementor-element-4114227 elementor-widget elementor-widget-text-editor\" data-id=\"4114227\" data-element_type=\"widget\" data-e-type=\"widget\" data-widget_type=\"text-editor.default\">\n\t\t\t\t<div class=\"elementor-widget-container\">\n\t\t\t\t\t\t\t\t\t<p data-start=\"127\" data-end=\"306\">Ba\u015far\u0131m\u0131z\u0131n temelinde \u00e7al\u0131\u015fanlar\u0131m\u0131z\u0131n yetkinli\u011fi ve pratikli\u011fi yatmaktad\u0131r. Tak\u0131m ruhu ve i\u015f birli\u011fi, firmam\u0131z\u0131n en \u00f6nemli prensiplerindendir. Mutlu ve motivasyonu y\u00fcksek \u00e7al\u0131\u015fanlar\u0131m\u0131z, en iyi hizmeti sunmam\u0131zda en b\u00fcy\u00fck g\u00fcvencemizdir.<\/p>\t\t\t\t\t\t\t\t<\/div>\n\t\t\t\t<\/div>\n\t\t\t\t<\/div>\n\t\t\t\t<\/div>\n\t\t<div class=\"elementor-element elementor-element-78c52a5 e-con-full e-flex e-con e-child\" data-id=\"78c52a5\" data-element_type=\"container\" data-e-type=\"container\" data-settings=\"{&quot;background_background&quot;:&quot;classic&quot;}\">\n\t\t\t\t<div class=\"elementor-element elementor-element-4653def elementor-view-default elementor-widget elementor-widget-icon\" data-id=\"4653def\" data-element_type=\"widget\" data-e-type=\"widget\" data-widget_type=\"icon.default\">\n\t\t\t\t<div class=\"elementor-widget-container\">\n\t\t\t\t\t\t\t<div class=\"elementor-icon-wrapper\">\n\t\t\t<div class=\"elementor-icon\">\n\t\t\t<svg xmlns=\"http:\/\/www.w3.org\/2000\/svg\" id=\"Layer_1\" data-name=\"Layer 1\" viewBox=\"0 0 24 24\"><path d=\"m5.648,5.958c.733.22,1.521.831,2.354,1.478,1.245.967,2.655,2.064,4.323,2.064,1.965,0,3.643-1.242,4.333-2.992.545.343,1.069.79,1.56,1.405.198.247.488.375.782.375.219,0,.439-.072.624-.219.431-.345.501-.974.156-1.405-.876-1.094-1.831-1.812-2.818-2.283C16.777,1.931,14.781-.01,12.325-.01,8.5-.01,5.821,2.131,4.843,3.396c-.331.426-.43.99-.264,1.506.163.509.562.904,1.069,1.056Zm6.677-3.968c1.117,0,2.073.71,2.473,1.713-.951-.17-1.898-.203-2.798-.203-.553,0-1,.448-1,1s.447,1,1,1c.96,0,1.902.044,2.808.254-.392,1.02-1.355,1.746-2.483,1.746-.981,0-2.009-.798-3.097-1.643-.783-.609-1.59-1.236-2.468-1.617,1.005-1.017,3.054-2.25,5.564-2.25Zm-3.235,12.814c-.533-1.176-1.489-2.067-2.69-2.511-.647-.239-1.322-.319-1.99-.267.176-.48.417-.983.736-1.503.289-.471.141-1.086-.33-1.375-.472-.29-1.087-.141-1.375.33-.726,1.184-1.147,2.31-1.285,3.335-1.922,1.285-2.701,3.825-1.711,6.006,1.751,3.858,5.895,4.919,7.122,5.152.103.02.205.029.307.029.442,0,.867-.181,1.176-.51.395-.421.543-1.012.396-1.575-.065-.26-.101-.52-.104-.776-.008-.585.055-1.19.122-1.83.153-1.472.312-2.995-.374-4.504Zm-1.615,4.297c-.07.669-.143,1.361-.133,2.062.003.239.022.48.06.722-1.341-.344-3.971-1.327-5.136-3.893-.424-.935-.292-1.979.242-2.77.309.689.837,1.536,1.786,2.485.195.195.451.293.707.293s.512-.098.707-.293c.391-.391.391-1.023,0-1.414-.978-.978-1.363-1.762-1.516-2.23.19-.042.382-.063.575-.063.317,0,.635.057.94.169.696.257,1.252.777,1.563,1.462.461,1.016.337,2.208.205,3.47Zm15.431-7.166h0c-.23-.489-.684-.831-1.214-.915-.547-.084-1.109.108-1.496.521-.556.592-1.321,1.124-2.132,1.686-1.309.908-2.661,1.847-3.455,3.25-.62,1.097-.773,2.368-.431,3.579.149.528.399,1.006.709,1.44-.584.251-1.244.432-1.99.509-.55.057-.948.549-.891,1.098.053.514.487.896.993.896,1.37-.017,2.537-.543,3.48-1.081.722.391,1.501.579,2.272.579,1.669,0,3.291-.869,4.162-2.409,1.851-3.27.865-7.292-.008-9.154Zm-1.732,8.169c-.579,1.025-1.732,1.526-2.844,1.353.848-.918,1.428-1.964,1.73-2.963.16-.528-.139-1.086-.668-1.246-.531-.16-1.086.139-1.246.668-.257.85-.782,1.751-1.589,2.496-.204-.267-.361-.569-.455-.901-.195-.693-.108-1.421.247-2.049.569-1.006,1.68-1.776,2.855-2.592.72-.5,1.46-1.014,2.094-1.605.609,1.593,1.181,4.532-.125,6.84Z\"><\/path><\/svg>\t\t\t<\/div>\n\t\t<\/div>\n\t\t\t\t\t\t<\/div>\n\t\t\t\t<\/div>\n\t\t<div class=\"elementor-element elementor-element-14997e5 e-con-full e-flex e-con e-child\" data-id=\"14997e5\" data-element_type=\"container\" data-e-type=\"container\">\n\t\t\t\t<div class=\"elementor-element elementor-element-fe490b5 elementor-widget elementor-widget-heading\" data-id=\"fe490b5\" data-element_type=\"widget\" data-e-type=\"widget\" data-widget_type=\"heading.default\">\n\t\t\t\t<div class=\"elementor-widget-container\">\n\t\t\t\t\t<h2 class=\"elementor-heading-title elementor-size-default\">Do\u011faya De\u011fer Veren Yakla\u015f\u0131m<\/h2>\t\t\t\t<\/div>\n\t\t\t\t<\/div>\n\t\t\t\t<div class=\"elementor-element elementor-element-bbc8a0a elementor-widget elementor-widget-text-editor\" data-id=\"bbc8a0a\" data-element_type=\"widget\" data-e-type=\"widget\" data-widget_type=\"text-editor.default\">\n\t\t\t\t<div class=\"elementor-widget-container\">\n\t\t\t\t\t\t\t\t\t<p data-start=\"127\" data-end=\"306\">Mithrapack, geri d\u00f6n\u00fc\u015ft\u00fcr\u00fclebilir ve \u00e7evre dostu malzemeler kullanarak \u00e7evresel ayak izini azaltmay\u0131 hedefler. At\u0131k miktar\u0131n\u0131 minimize eder ve kaynaklar\u0131n verimli kullan\u0131m\u0131n\u0131 sa\u011flamak i\u00e7in geri d\u00f6n\u00fc\u015ft\u00fcr\u00fclebilir ambalajlar \u00fcretir.<\/p>\t\t\t\t\t\t\t\t<\/div>\n\t\t\t\t<\/div>\n\t\t\t\t<\/div>\n\t\t\t\t<\/div>\n\t\t\t\t\t<\/div>\n\t\t\t\t<\/div>\n\t\t\t\t<\/div>\n\t\t\t\t<\/div>\n\t\t","protected":false},"excerpt":{"rendered":"<p>K\u00f6kl\u00fc aile miras\u0131m\u0131zdan ald\u0131\u011f\u0131m\u0131z g\u00fc\u00e7le, 2023 y\u0131l\u0131ndan beri sekt\u00f6re de\u011fer kat\u0131yoruz. Sanayicilikte nesiller boyu s\u00fcregelen k\u00f6kl\u00fc aile miras\u0131m\u0131zdan ald\u0131\u011f\u0131m\u0131z engin tecr\u00fcbe ve vizyonla, \u00fc\u00e7\u00fcnc\u00fc ku\u015fak olarak sekt\u00f6re g\u00fc\u00e7l\u00fc bir ad\u0131m att\u0131k. Mithrapack Ambalaj \u0130hracat \u0130thalat Limited \u015eirketi \u00e7at\u0131s\u0131 alt\u0131nda, ailemizin y\u0131llara dayanan sanayicilik birikimini, g\u00fcn\u00fcm\u00fcz t\u00fcketim d\u00fcnyas\u0131nda ambalaj\u0131n h\u0131zla artan stratejik \u00f6nemi ve katma de\u011feriyle [&hellip;]<\/p>\n","protected":false},"author":1,"featured_media":0,"parent":0,"menu_order":0,"comment_status":"closed","ping_status":"closed","template":"elementor_header_footer","meta":{"footnotes":""},"class_list":["post-88","page","type-page","status-publish","hentry"],"_links":{"self":[{"href":"https:\/\/legacy.mithrapack.com\/ru\/wp-json\/wp\/v2\/pages\/88","targetHints":{"allow":["GET"]}}],"collection":[{"href":"https:\/\/legacy.mithrapack.com\/ru\/wp-json\/wp\/v2\/pages"}],"about":[{"href":"https:\/\/legacy.mithrapack.com\/ru\/wp-json\/wp\/v2\/types\/page"}],"author":[{"embeddable":true,"href":"https:\/\/legacy.mithrapack.com\/ru\/wp-json\/wp\/v2\/users\/1"}],"replies":[{"embeddable":true,"href":"https:\/\/legacy.mithrapack.com\/ru\/wp-json\/wp\/v2\/comments?post=88"}],"version-history":[{"count":0,"href":"https:\/\/legacy.mithrapack.com\/ru\/wp-json\/wp\/v2\/pages\/88\/revisions"}],"wp:attachment":[{"href":"https:\/\/legacy.mithrapack.com\/ru\/wp-json\/wp\/v2\/media?parent=88"}],"curies":[{"name":"wp","href":"https:\/\/api.w.org\/{rel}","templated":true}]}}