{"id":90,"date":"2025-01-28T23:01:39","date_gmt":"2025-01-28T20:01:39","guid":{"rendered":"https:\/\/darkcyan-mantis-631786.hostingersite.com\/?page_id=90"},"modified":"2025-08-08T20:28:41","modified_gmt":"2025-08-08T17:28:41","slug":"endustriyel-ambalajlar","status":"publish","type":"page","link":"https:\/\/legacy.mithrapack.com\/en\/endustriyel-ambalajlar\/","title":{"rendered":"Industrial Packaging"},"content":{"rendered":"\t\t<div data-elementor-type=\"wp-page\" data-elementor-id=\"90\" class=\"elementor elementor-90\" data-elementor-post-type=\"page\">\n\t\t\t\t<div class=\"elementor-element elementor-element-cf2210b e-con-full e-flex e-con e-parent\" data-id=\"cf2210b\" data-element_type=\"container\" data-e-type=\"container\">\n\t\t<div class=\"elementor-element elementor-element-31ba64d e-flex e-con-boxed e-con e-child\" data-id=\"31ba64d\" data-element_type=\"container\" data-e-type=\"container\" data-settings=\"{&quot;motion_fx_motion_fx_scrolling&quot;:&quot;yes&quot;,&quot;motion_fx_opacity_effect&quot;:&quot;yes&quot;,&quot;motion_fx_opacity_direction&quot;:&quot;in-out&quot;,&quot;motion_fx_opacity_range&quot;:{&quot;unit&quot;:&quot;%&quot;,&quot;size&quot;:&quot;&quot;,&quot;sizes&quot;:{&quot;start&quot;:90,&quot;end&quot;:95}},&quot;motion_fx_devices&quot;:[&quot;desktop&quot;],&quot;motion_fx_opacity_level&quot;:{&quot;unit&quot;:&quot;px&quot;,&quot;size&quot;:10,&quot;sizes&quot;:[]}}\">\n\t\t\t\t\t<div class=\"e-con-inner\">\n\t\t<div class=\"elementor-element elementor-element-58ed754 e-con-full e-flex e-con e-child\" data-id=\"58ed754\" data-element_type=\"container\" data-e-type=\"container\" data-settings=\"{&quot;sticky&quot;:&quot;top&quot;,&quot;sticky_on&quot;:[&quot;desktop&quot;],&quot;sticky_offset&quot;:140,&quot;sticky_effects_offset&quot;:200,&quot;sticky_anchor_link_offset&quot;:1,&quot;sticky_parent&quot;:&quot;yes&quot;}\">\n\t\t\t\t<div class=\"elementor-element elementor-element-039362d elementor-widget__width-inherit elementor-widget-tablet__width-inherit elementor-icon-list--layout-traditional elementor-list-item-link-full_width elementor-widget elementor-widget-icon-list\" data-id=\"039362d\" data-element_type=\"widget\" data-e-type=\"widget\" data-widget_type=\"icon-list.default\">\n\t\t\t\t<div class=\"elementor-widget-container\">\n\t\t\t\t\t\t\t<ul class=\"elementor-icon-list-items\">\n\t\t\t\t\t\t\t<li class=\"elementor-icon-list-item\">\n\t\t\t\t\t\t\t\t\t\t\t<span class=\"elementor-icon-list-icon\">\n\t\t\t\t\t\t\t<svg aria-hidden=\"true\" class=\"e-font-icon-svg e-far-dot-circle\" viewBox=\"0 0 512 512\" xmlns=\"http:\/\/www.w3.org\/2000\/svg\"><path d=\"M256 56c110.532 0 200 89.451 200 200 0 110.532-89.451 200-200 200-110.532 0-200-89.451-200-200 0-110.532 89.451-200 200-200m0-48C119.033 8 8 119.033 8 256s111.033 248 248 248 248-111.033 248-248S392.967 8 256 8zm0 168c-44.183 0-80 35.817-80 80s35.817 80 80 80 80-35.817 80-80-35.817-80-80-80z\"><\/path><\/svg>\t\t\t\t\t\t<\/span>\n\t\t\t\t\t\t\t\t\t\t<span class=\"elementor-icon-list-text\">End\u00fcstriyel Ambalajlar<\/span>\n\t\t\t\t\t\t\t\t\t<\/li>\n\t\t\t\t\t\t<\/ul>\n\t\t\t\t\t\t<\/div>\n\t\t\t\t<\/div>\n\t\t\t\t<div class=\"elementor-element elementor-element-7f14264 elementor-widget__width-initial elementor-widget-tablet__width-inherit elementor-widget elementor-widget-text-editor\" data-id=\"7f14264\" data-element_type=\"widget\" data-e-type=\"widget\" data-widget_type=\"text-editor.default\">\n\t\t\t\t<div class=\"elementor-widget-container\">\n\t\t\t\t\t\t\t\t\t<p>End\u00fcstriyel ambalaj ihtiya\u00e7lar\u0131n\u0131z i\u00e7in geni\u015f bir \u00fcr\u00fcn yelpazesi sunuyoruz. \u0130\u015fletmenize \u00f6zel \u00e7\u00f6z\u00fcmler geli\u015ftirdi\u011fimiz \u00fcr\u00fcnler aras\u0131nda shrink rulolar, koli i\u00e7i po\u015fetler, a\u011f\u0131r hizmet torbalar\u0131, d\u00fcz rulolar, g\u00fcvenlik \u015feritleri, palet ve kasa \u00f6rt\u00fcleri, f\u0131\u00e7\u0131 po\u015fetler ve \u00e7\u00f6p po\u015fetleri yer almaktad\u0131r. Dayan\u0131kl\u0131 ve i\u015flevsel ambalaj se\u00e7eneklerimizle operasyonlar\u0131n\u0131z\u0131 verimli ve g\u00fcvenli hale getiriyoruz.<\/p>\t\t\t\t\t\t\t\t<\/div>\n\t\t\t\t<\/div>\n\t\t\t\t<\/div>\n\t\t\t\t\t<\/div>\n\t\t\t\t<\/div>\n\t\t<div class=\"elementor-element elementor-element-97a055d e-flex e-con-boxed e-con e-child\" data-id=\"97a055d\" data-element_type=\"container\" data-e-type=\"container\">\n\t\t\t\t\t<div class=\"e-con-inner\">\n\t\t<div class=\"elementor-element elementor-element-15936f6 e-con-full e-flex e-con e-child\" data-id=\"15936f6\" data-element_type=\"container\" data-e-type=\"container\" data-settings=\"{&quot;background_background&quot;:&quot;classic&quot;}\">\n\t\t\t\t<div class=\"elementor-element elementor-element-db0d555 elementor-widget elementor-widget-image\" data-id=\"db0d555\" data-element_type=\"widget\" data-e-type=\"widget\" data-widget_type=\"image.default\">\n\t\t\t\t<div class=\"elementor-widget-container\">\n\t\t\t\t\t\t\t\t\t\t\t\t\t\t\t<img fetchpriority=\"high\" decoding=\"async\" width=\"700\" height=\"468\" src=\"https:\/\/legacy.mithrapack.com\/wp-content\/uploads\/2025\/02\/mithrapack-ambalaj-endustriyel-ambalajlar-shrink-rulolar.png\" class=\"attachment-full size-full wp-image-3228\" alt=\"\" srcset=\"https:\/\/legacy.mithrapack.com\/wp-content\/uploads\/2025\/02\/mithrapack-ambalaj-endustriyel-ambalajlar-shrink-rulolar.png 700w, https:\/\/legacy.mithrapack.com\/wp-content\/uploads\/2025\/02\/mithrapack-ambalaj-endustriyel-ambalajlar-shrink-rulolar-300x201.png 300w\" sizes=\"(max-width: 700px) 100vw, 700px\" \/>\t\t\t\t\t\t\t\t\t\t\t\t\t\t\t<\/div>\n\t\t\t\t<\/div>\n\t\t<div class=\"elementor-element elementor-element-f38c5e7 e-con-full e-flex e-con e-child\" data-id=\"f38c5e7\" data-element_type=\"container\" data-e-type=\"container\">\n\t\t\t\t<div class=\"elementor-element elementor-element-00edf65 elementor-widget elementor-widget-heading\" data-id=\"00edf65\" data-element_type=\"widget\" data-e-type=\"widget\" data-widget_type=\"heading.default\">\n\t\t\t\t<div class=\"elementor-widget-container\">\n\t\t\t\t\t<h2 class=\"elementor-heading-title elementor-size-default\">Shrink Rulo<\/h2>\t\t\t\t<\/div>\n\t\t\t\t<\/div>\n\t\t\t\t<div class=\"elementor-element elementor-element-017163e elementor-widget elementor-widget-text-editor\" data-id=\"017163e\" data-element_type=\"widget\" data-e-type=\"widget\" data-widget_type=\"text-editor.default\">\n\t\t\t\t<div class=\"elementor-widget-container\">\n\t\t\t\t\t\t\t\t\t<p data-start=\"127\" data-end=\"306\">Shrink rulolar, termal daralma \u00f6zelli\u011fi sayesinde end\u00fcstriyel ve ticari ambalajlama uygulamalar\u0131nda etkin koruma sa\u011flar. Is\u0131 ile \u00e7ekerek \u00fcr\u00fcnleri s\u0131k\u0131ca sarar, d\u0131\u015f etkenlere kar\u015f\u0131 dayan\u0131kl\u0131l\u0131k kazand\u0131r\u0131r ve g\u00fcvenli bir paketleme \u00e7\u00f6z\u00fcm\u00fc sunar.<\/p>\t\t\t\t\t\t\t\t<\/div>\n\t\t\t\t<\/div>\n\t\t\t\t<\/div>\n\t\t\t\t<\/div>\n\t\t<div class=\"elementor-element elementor-element-fdd6313 e-con-full e-flex e-con e-child\" data-id=\"fdd6313\" data-element_type=\"container\" data-e-type=\"container\" data-settings=\"{&quot;background_background&quot;:&quot;classic&quot;}\">\n\t\t\t\t<div class=\"elementor-element elementor-element-d6ba0a9 elementor-widget elementor-widget-image\" data-id=\"d6ba0a9\" data-element_type=\"widget\" data-e-type=\"widget\" data-widget_type=\"image.default\">\n\t\t\t\t<div class=\"elementor-widget-container\">\n\t\t\t\t\t\t\t\t\t\t\t\t\t\t\t<img decoding=\"async\" width=\"700\" height=\"468\" src=\"https:\/\/legacy.mithrapack.com\/wp-content\/uploads\/2025\/02\/mithrapack-ambalaj-endustriyel-ambalajlar-agir-hizmet-torbalari.png\" class=\"attachment-full size-full wp-image-3223\" alt=\"\" srcset=\"https:\/\/legacy.mithrapack.com\/wp-content\/uploads\/2025\/02\/mithrapack-ambalaj-endustriyel-ambalajlar-agir-hizmet-torbalari.png 700w, https:\/\/legacy.mithrapack.com\/wp-content\/uploads\/2025\/02\/mithrapack-ambalaj-endustriyel-ambalajlar-agir-hizmet-torbalari-300x201.png 300w\" sizes=\"(max-width: 700px) 100vw, 700px\" \/>\t\t\t\t\t\t\t\t\t\t\t\t\t\t\t<\/div>\n\t\t\t\t<\/div>\n\t\t<div class=\"elementor-element elementor-element-9374b37 e-con-full e-flex e-con e-child\" data-id=\"9374b37\" data-element_type=\"container\" data-e-type=\"container\">\n\t\t\t\t<div class=\"elementor-element elementor-element-3d2110f elementor-widget elementor-widget-heading\" data-id=\"3d2110f\" data-element_type=\"widget\" data-e-type=\"widget\" data-widget_type=\"heading.default\">\n\t\t\t\t<div class=\"elementor-widget-container\">\n\t\t\t\t\t<h2 class=\"elementor-heading-title elementor-size-default\">A\u011f\u0131r Hizmet Torbalar\u0131<\/h2>\t\t\t\t<\/div>\n\t\t\t\t<\/div>\n\t\t\t\t<div class=\"elementor-element elementor-element-3d25a92 elementor-widget elementor-widget-text-editor\" data-id=\"3d25a92\" data-element_type=\"widget\" data-e-type=\"widget\" data-widget_type=\"text-editor.default\">\n\t\t\t\t<div class=\"elementor-widget-container\">\n\t\t\t\t\t\t\t\t\t<p data-start=\"127\" data-end=\"306\">A\u011f\u0131r y\u00fcklerin ta\u015f\u0131nmas\u0131 ve depolanmas\u0131 i\u00e7in \u00f6zel olarak \u00fcretilen a\u011f\u0131r hizmet torbalar\u0131, end\u00fcstriyel kullan\u0131ma uygun, dayan\u0131kl\u0131 ve g\u00fcvenilir bir ambalaj \u00e7\u00f6z\u00fcm\u00fcd\u00fcr. Y\u00fcksek kaliteli malzemeden \u00fcretilen bu torbalar, uzun \u00f6m\u00fcrl\u00fc kullan\u0131m imk\u00e2n\u0131 sunar.<\/p>\t\t\t\t\t\t\t\t<\/div>\n\t\t\t\t<\/div>\n\t\t\t\t<\/div>\n\t\t\t\t<\/div>\n\t\t<div class=\"elementor-element elementor-element-eaa2cf8 e-con-full e-flex e-con e-child\" data-id=\"eaa2cf8\" data-element_type=\"container\" data-e-type=\"container\" data-settings=\"{&quot;background_background&quot;:&quot;classic&quot;}\">\n\t\t\t\t<div class=\"elementor-element elementor-element-fea9aa0 elementor-widget elementor-widget-image\" data-id=\"fea9aa0\" data-element_type=\"widget\" data-e-type=\"widget\" data-widget_type=\"image.default\">\n\t\t\t\t<div class=\"elementor-widget-container\">\n\t\t\t\t\t\t\t\t\t\t\t\t\t\t\t<img decoding=\"async\" width=\"700\" height=\"468\" src=\"https:\/\/legacy.mithrapack.com\/wp-content\/uploads\/2025\/02\/mithrapack-ambalaj-endustriyel-ambalajlar-cop-posetleri.png\" class=\"attachment-full size-full wp-image-3224\" alt=\"\" srcset=\"https:\/\/legacy.mithrapack.com\/wp-content\/uploads\/2025\/02\/mithrapack-ambalaj-endustriyel-ambalajlar-cop-posetleri.png 700w, https:\/\/legacy.mithrapack.com\/wp-content\/uploads\/2025\/02\/mithrapack-ambalaj-endustriyel-ambalajlar-cop-posetleri-300x201.png 300w\" sizes=\"(max-width: 700px) 100vw, 700px\" \/>\t\t\t\t\t\t\t\t\t\t\t\t\t\t\t<\/div>\n\t\t\t\t<\/div>\n\t\t<div class=\"elementor-element elementor-element-a3e75d6 e-con-full e-flex e-con e-child\" data-id=\"a3e75d6\" data-element_type=\"container\" data-e-type=\"container\">\n\t\t\t\t<div class=\"elementor-element elementor-element-7bee8e4 elementor-widget elementor-widget-heading\" data-id=\"7bee8e4\" data-element_type=\"widget\" data-e-type=\"widget\" data-widget_type=\"heading.default\">\n\t\t\t\t<div class=\"elementor-widget-container\">\n\t\t\t\t\t<h2 class=\"elementor-heading-title elementor-size-default\">\u00c7\u00f6p Po\u015fetleri<\/h2>\t\t\t\t<\/div>\n\t\t\t\t<\/div>\n\t\t\t\t<div class=\"elementor-element elementor-element-0c5105a elementor-widget elementor-widget-text-editor\" data-id=\"0c5105a\" data-element_type=\"widget\" data-e-type=\"widget\" data-widget_type=\"text-editor.default\">\n\t\t\t\t<div class=\"elementor-widget-container\">\n\t\t\t\t\t\t\t\t\t<p data-start=\"127\" data-end=\"306\">Farkl\u0131 boyut ve kal\u0131nl\u0131klarda \u00fcretilen \u00e7\u00f6p po\u015fetleri, evlerden i\u015f yerlerine ve end\u00fcstriyel alanlara kadar geni\u015f kullan\u0131m alanlar\u0131na sahiptir. At\u0131k y\u00f6netimini kolayla\u015ft\u0131ran bu dayan\u0131kl\u0131 ve pratik po\u015fetler, ihtiyaca g\u00f6re esansl\u0131 se\u00e7eneklerle de sunulabilir.<\/p>\t\t\t\t\t\t\t\t<\/div>\n\t\t\t\t<\/div>\n\t\t\t\t<\/div>\n\t\t\t\t<\/div>\n\t\t<div class=\"elementor-element elementor-element-5d5a4bb e-con-full e-flex e-con e-child\" data-id=\"5d5a4bb\" data-element_type=\"container\" data-e-type=\"container\" data-settings=\"{&quot;background_background&quot;:&quot;classic&quot;}\">\n\t\t\t\t<div class=\"elementor-element elementor-element-0f831db elementor-widget elementor-widget-image\" data-id=\"0f831db\" data-element_type=\"widget\" data-e-type=\"widget\" data-widget_type=\"image.default\">\n\t\t\t\t<div class=\"elementor-widget-container\">\n\t\t\t\t\t\t\t\t\t\t\t\t\t\t\t<img loading=\"lazy\" decoding=\"async\" width=\"700\" height=\"468\" src=\"https:\/\/legacy.mithrapack.com\/wp-content\/uploads\/2025\/02\/mithrapack-ambalaj-endustriyel-ambalajlar-palet-ve-kasa-ortuleri.png\" class=\"attachment-full size-full wp-image-3227\" alt=\"\" srcset=\"https:\/\/legacy.mithrapack.com\/wp-content\/uploads\/2025\/02\/mithrapack-ambalaj-endustriyel-ambalajlar-palet-ve-kasa-ortuleri.png 700w, https:\/\/legacy.mithrapack.com\/wp-content\/uploads\/2025\/02\/mithrapack-ambalaj-endustriyel-ambalajlar-palet-ve-kasa-ortuleri-300x201.png 300w\" sizes=\"(max-width: 700px) 100vw, 700px\" \/>\t\t\t\t\t\t\t\t\t\t\t\t\t\t\t<\/div>\n\t\t\t\t<\/div>\n\t\t<div class=\"elementor-element elementor-element-7050764 e-con-full e-flex e-con e-child\" data-id=\"7050764\" data-element_type=\"container\" data-e-type=\"container\">\n\t\t\t\t<div class=\"elementor-element elementor-element-8d795de elementor-widget elementor-widget-heading\" data-id=\"8d795de\" data-element_type=\"widget\" data-e-type=\"widget\" data-widget_type=\"heading.default\">\n\t\t\t\t<div class=\"elementor-widget-container\">\n\t\t\t\t\t<h2 class=\"elementor-heading-title elementor-size-default\">Palet &amp; Kasa \u00d6rt\u00fcleri<\/h2>\t\t\t\t<\/div>\n\t\t\t\t<\/div>\n\t\t\t\t<div class=\"elementor-element elementor-element-3c11fb8 elementor-widget elementor-widget-text-editor\" data-id=\"3c11fb8\" data-element_type=\"widget\" data-e-type=\"widget\" data-widget_type=\"text-editor.default\">\n\t\t\t\t<div class=\"elementor-widget-container\">\n\t\t\t\t\t\t\t\t\t<p data-start=\"127\" data-end=\"306\">Palet ve kasa \u00f6rt\u00fcleri, lojistik s\u00fcre\u00e7lerde \u00fcr\u00fcnlerin g\u00fcvenli ta\u015f\u0131nmas\u0131n\u0131 ve depolanmas\u0131n\u0131 sa\u011flayan ideal bir \u00e7\u00f6z\u00fcmd\u00fcr. D\u0131\u015f etkenlere kar\u015f\u0131 koruma sa\u011flayarak \u00fcr\u00fcn b\u00fct\u00fcnl\u00fc\u011f\u00fcn\u00fc muhafaza eder ve ta\u015f\u0131ma s\u0131ras\u0131nda g\u00fcvenli\u011fi art\u0131r\u0131r.<\/p>\t\t\t\t\t\t\t\t<\/div>\n\t\t\t\t<\/div>\n\t\t\t\t<\/div>\n\t\t\t\t<\/div>\n\t\t<div class=\"elementor-element elementor-element-21fc05d e-con-full e-flex e-con e-child\" data-id=\"21fc05d\" data-element_type=\"container\" data-e-type=\"container\" data-settings=\"{&quot;background_background&quot;:&quot;classic&quot;}\">\n\t\t\t\t<div class=\"elementor-element elementor-element-a4be725 elementor-widget elementor-widget-image\" data-id=\"a4be725\" data-element_type=\"widget\" data-e-type=\"widget\" data-widget_type=\"image.default\">\n\t\t\t\t<div class=\"elementor-widget-container\">\n\t\t\t\t\t\t\t\t\t\t\t\t\t\t\t<img loading=\"lazy\" decoding=\"async\" width=\"700\" height=\"468\" src=\"https:\/\/legacy.mithrapack.com\/wp-content\/uploads\/2025\/02\/mithrapack-ambalaj-endustriyel-ambalajlar-koli-ici-posetler.png\" class=\"attachment-full size-full wp-image-3226\" alt=\"\" srcset=\"https:\/\/legacy.mithrapack.com\/wp-content\/uploads\/2025\/02\/mithrapack-ambalaj-endustriyel-ambalajlar-koli-ici-posetler.png 700w, https:\/\/legacy.mithrapack.com\/wp-content\/uploads\/2025\/02\/mithrapack-ambalaj-endustriyel-ambalajlar-koli-ici-posetler-300x201.png 300w\" sizes=\"(max-width: 700px) 100vw, 700px\" \/>\t\t\t\t\t\t\t\t\t\t\t\t\t\t\t<\/div>\n\t\t\t\t<\/div>\n\t\t<div class=\"elementor-element elementor-element-c990329 e-con-full e-flex e-con e-child\" data-id=\"c990329\" data-element_type=\"container\" data-e-type=\"container\">\n\t\t\t\t<div class=\"elementor-element elementor-element-ce1a614 elementor-widget elementor-widget-heading\" data-id=\"ce1a614\" data-element_type=\"widget\" data-e-type=\"widget\" data-widget_type=\"heading.default\">\n\t\t\t\t<div class=\"elementor-widget-container\">\n\t\t\t\t\t<h2 class=\"elementor-heading-title elementor-size-default\">Koli \u0130\u00e7i Po\u015fetler<\/h2>\t\t\t\t<\/div>\n\t\t\t\t<\/div>\n\t\t\t\t<div class=\"elementor-element elementor-element-720546e elementor-widget elementor-widget-text-editor\" data-id=\"720546e\" data-element_type=\"widget\" data-e-type=\"widget\" data-widget_type=\"text-editor.default\">\n\t\t\t\t<div class=\"elementor-widget-container\">\n\t\t\t\t\t\t\t\t\t<p data-start=\"127\" data-end=\"306\">\u00dcr\u00fcnlerin toz, nem ve d\u0131\u015f etkenlerden korunmas\u0131n\u0131 sa\u011flayan koli i\u00e7i po\u015fetler, ambalajlama ve ta\u015f\u0131ma s\u00fcre\u00e7lerinde ek g\u00fcvenlik sunar. Dayan\u0131kl\u0131 ve s\u0131zd\u0131rmaz yap\u0131s\u0131yla \u00fcr\u00fcnlerin zarar g\u00f6rmesini \u00f6nleyerek lojistik s\u00fcre\u00e7leri verimli hale getirir.<\/p>\t\t\t\t\t\t\t\t<\/div>\n\t\t\t\t<\/div>\n\t\t\t\t<\/div>\n\t\t\t\t<\/div>\n\t\t<div class=\"elementor-element elementor-element-a3eccdc e-con-full e-flex e-con e-child\" data-id=\"a3eccdc\" data-element_type=\"container\" data-e-type=\"container\" data-settings=\"{&quot;background_background&quot;:&quot;classic&quot;,&quot;motion_fx_motion_fx_scrolling&quot;:&quot;yes&quot;,&quot;motion_fx_opacity_effect&quot;:&quot;yes&quot;,&quot;motion_fx_opacity_direction&quot;:&quot;in-out&quot;,&quot;motion_fx_opacity_range&quot;:{&quot;unit&quot;:&quot;%&quot;,&quot;size&quot;:&quot;&quot;,&quot;sizes&quot;:{&quot;start&quot;:90,&quot;end&quot;:95}},&quot;motion_fx_opacity_level&quot;:{&quot;unit&quot;:&quot;px&quot;,&quot;size&quot;:10,&quot;sizes&quot;:[]},&quot;motion_fx_devices&quot;:[&quot;desktop&quot;,&quot;tablet&quot;,&quot;mobile&quot;]}\">\n\t\t\t\t<div class=\"elementor-element elementor-element-a464bc3 elementor-widget elementor-widget-image\" data-id=\"a464bc3\" data-element_type=\"widget\" data-e-type=\"widget\" data-widget_type=\"image.default\">\n\t\t\t\t<div class=\"elementor-widget-container\">\n\t\t\t\t\t\t\t\t\t\t\t\t\t\t\t<img loading=\"lazy\" decoding=\"async\" width=\"700\" height=\"468\" src=\"https:\/\/legacy.mithrapack.com\/wp-content\/uploads\/2025\/02\/mithrapack-ambalaj-endustriyel-ambalajlar-guvenlik-seritleri.png\" class=\"attachment-full size-full wp-image-3225\" alt=\"\" srcset=\"https:\/\/legacy.mithrapack.com\/wp-content\/uploads\/2025\/02\/mithrapack-ambalaj-endustriyel-ambalajlar-guvenlik-seritleri.png 700w, https:\/\/legacy.mithrapack.com\/wp-content\/uploads\/2025\/02\/mithrapack-ambalaj-endustriyel-ambalajlar-guvenlik-seritleri-300x201.png 300w\" sizes=\"(max-width: 700px) 100vw, 700px\" \/>\t\t\t\t\t\t\t\t\t\t\t\t\t\t\t<\/div>\n\t\t\t\t<\/div>\n\t\t<div class=\"elementor-element elementor-element-c9d3703 e-con-full e-flex e-con e-child\" data-id=\"c9d3703\" data-element_type=\"container\" data-e-type=\"container\">\n\t\t\t\t<div class=\"elementor-element elementor-element-a9bf9c2 elementor-widget elementor-widget-heading\" data-id=\"a9bf9c2\" data-element_type=\"widget\" data-e-type=\"widget\" data-widget_type=\"heading.default\">\n\t\t\t\t<div class=\"elementor-widget-container\">\n\t\t\t\t\t<h2 class=\"elementor-heading-title elementor-size-default\">G\u00fcvenlik \u015eeritleri<\/h2>\t\t\t\t<\/div>\n\t\t\t\t<\/div>\n\t\t\t\t<div class=\"elementor-element elementor-element-ddd7497 elementor-widget elementor-widget-text-editor\" data-id=\"ddd7497\" data-element_type=\"widget\" data-e-type=\"widget\" data-widget_type=\"text-editor.default\">\n\t\t\t\t<div class=\"elementor-widget-container\">\n\t\t\t\t\t\t\t\t\t<p>Polietilen malzemeden \u00fcretilen g\u00fcvenlik \u015feritleri, dikkat \u00e7ekici renk ve desenleriyle g\u00fcvenlik \u00f6nlemlerini art\u0131r\u0131r. Trafik kontrol\u00fc, in\u015faat sahalar\u0131 ve acil durum b\u00f6lgeleri gibi alanlarda kullan\u0131larak g\u00fcvenli bir ortam olu\u015fturulmas\u0131na katk\u0131 sa\u011flar.<\/p>\t\t\t\t\t\t\t\t<\/div>\n\t\t\t\t<\/div>\n\t\t\t\t<\/div>\n\t\t\t\t<\/div>\n\t\t\t\t\t<\/div>\n\t\t\t\t<\/div>\n\t\t\t\t<\/div>\n\t\t\t\t<\/div>\n\t\t","protected":false},"excerpt":{"rendered":"<p>End\u00fcstriyel Ambalajlar End\u00fcstriyel ambalaj ihtiya\u00e7lar\u0131n\u0131z i\u00e7in geni\u015f bir \u00fcr\u00fcn yelpazesi sunuyoruz. \u0130\u015fletmenize \u00f6zel \u00e7\u00f6z\u00fcmler geli\u015ftirdi\u011fimiz \u00fcr\u00fcnler aras\u0131nda shrink rulolar, koli i\u00e7i po\u015fetler, a\u011f\u0131r hizmet torbalar\u0131, d\u00fcz rulolar, g\u00fcvenlik \u015feritleri, palet ve kasa \u00f6rt\u00fcleri, f\u0131\u00e7\u0131 po\u015fetler ve \u00e7\u00f6p po\u015fetleri yer almaktad\u0131r. Dayan\u0131kl\u0131 ve i\u015flevsel ambalaj se\u00e7eneklerimizle operasyonlar\u0131n\u0131z\u0131 verimli ve g\u00fcvenli hale getiriyoruz. Shrink Rulo Shrink rulolar, [&hellip;]<\/p>\n","protected":false},"author":1,"featured_media":0,"parent":0,"menu_order":0,"comment_status":"closed","ping_status":"closed","template":"elementor_header_footer","meta":{"footnotes":""},"class_list":["post-90","page","type-page","status-publish","hentry"],"_links":{"self":[{"href":"https:\/\/legacy.mithrapack.com\/en\/wp-json\/wp\/v2\/pages\/90","targetHints":{"allow":["GET"]}}],"collection":[{"href":"https:\/\/legacy.mithrapack.com\/en\/wp-json\/wp\/v2\/pages"}],"about":[{"href":"https:\/\/legacy.mithrapack.com\/en\/wp-json\/wp\/v2\/types\/page"}],"author":[{"embeddable":true,"href":"https:\/\/legacy.mithrapack.com\/en\/wp-json\/wp\/v2\/users\/1"}],"replies":[{"embeddable":true,"href":"https:\/\/legacy.mithrapack.com\/en\/wp-json\/wp\/v2\/comments?post=90"}],"version-history":[{"count":0,"href":"https:\/\/legacy.mithrapack.com\/en\/wp-json\/wp\/v2\/pages\/90\/revisions"}],"wp:attachment":[{"href":"https:\/\/legacy.mithrapack.com\/en\/wp-json\/wp\/v2\/media?parent=90"}],"curies":[{"name":"wp","href":"https:\/\/api.w.org\/{rel}","templated":true}]}}