{"id":8732,"date":"2025-08-10T22:07:42","date_gmt":"2025-08-10T19:07:42","guid":{"rendered":"https:\/\/www.darkcyan-mantis-631786.hostingersite.com\/?page_id=8732"},"modified":"2025-08-10T22:14:14","modified_gmt":"2025-08-10T19:14:14","slug":"kaynaklar","status":"publish","type":"page","link":"https:\/\/legacy.mithrapack.com\/en\/kaynaklar\/","title":{"rendered":"Resources"},"content":{"rendered":"\t\t<div data-elementor-type=\"wp-page\" data-elementor-id=\"8732\" class=\"elementor elementor-8732\" data-elementor-post-type=\"page\">\n\t\t\t\t<div class=\"elementor-element elementor-element-5eb51a3 e-con-full e-flex e-con e-parent\" data-id=\"5eb51a3\" data-element_type=\"container\" data-e-type=\"container\">\n\t\t\t\t<div class=\"elementor-element elementor-element-a4da65c elementor-widget__width-initial elementor-widget-tablet__width-inherit elementor-icon-list--layout-traditional elementor-list-item-link-full_width elementor-widget elementor-widget-icon-list\" data-id=\"a4da65c\" data-element_type=\"widget\" data-e-type=\"widget\" data-widget_type=\"icon-list.default\">\n\t\t\t\t<div class=\"elementor-widget-container\">\n\t\t\t\t\t\t\t<ul class=\"elementor-icon-list-items\">\n\t\t\t\t\t\t\t<li class=\"elementor-icon-list-item\">\n\t\t\t\t\t\t\t\t\t\t\t<span class=\"elementor-icon-list-icon\">\n\t\t\t\t\t\t\t<svg aria-hidden=\"true\" class=\"e-font-icon-svg e-far-dot-circle\" viewBox=\"0 0 512 512\" xmlns=\"http:\/\/www.w3.org\/2000\/svg\"><path d=\"M256 56c110.532 0 200 89.451 200 200 0 110.532-89.451 200-200 200-110.532 0-200-89.451-200-200 0-110.532 89.451-200 200-200m0-48C119.033 8 8 119.033 8 256s111.033 248 248 248 248-111.033 248-248S392.967 8 256 8zm0 168c-44.183 0-80 35.817-80 80s35.817 80 80 80 80-35.817 80-80-35.817-80-80-80z\"><\/path><\/svg>\t\t\t\t\t\t<\/span>\n\t\t\t\t\t\t\t\t\t\t<span class=\"elementor-icon-list-text\">Ambalaj \u00fcr\u00fcnlerimizle ilgili teknik detaylar ve faydal\u0131 bilgileri burada bulabilirsiniz.<\/span>\n\t\t\t\t\t\t\t\t\t<\/li>\n\t\t\t\t\t\t<\/ul>\n\t\t\t\t\t\t<\/div>\n\t\t\t\t<\/div>\n\t\t\t\t<div class=\"elementor-element elementor-element-846d4cf elementor-widget__width-initial elementor-widget-tablet__width-inherit elementor-widget elementor-widget-text-editor\" data-id=\"846d4cf\" data-element_type=\"widget\" data-e-type=\"widget\" data-widget_type=\"text-editor.default\">\n\t\t\t\t<div class=\"elementor-widget-container\">\n\t\t\t\t\t\t\t\t\tAmbalaj \u00e7e\u015fitlerine dair teknik bilgi ve detaylara m\u0131 ihtiyac\u0131n\u0131z var? \u0130\u015f ortaklar\u0131m\u0131z\u0131 ve m\u00fc\u015fterilerimizi bilgilendirmek i\u00e7in olu\u015fturdu\u011fumuz kaynaklar\u0131 bu sayfada derledik.\t\t\t\t\t\t\t\t<\/div>\n\t\t\t\t<\/div>\n\t\t\t\t<\/div>\n\t\t<div class=\"elementor-element elementor-element-9ba7479 e-con-full e-flex e-con e-parent\" data-id=\"9ba7479\" data-element_type=\"container\" data-e-type=\"container\">\n\t\t<div class=\"elementor-element elementor-element-4ac0aa0 e-flex e-con-boxed e-con e-child\" data-id=\"4ac0aa0\" data-element_type=\"container\" data-e-type=\"container\" data-settings=\"{&quot;motion_fx_motion_fx_scrolling&quot;:&quot;yes&quot;,&quot;motion_fx_opacity_effect&quot;:&quot;yes&quot;,&quot;motion_fx_opacity_direction&quot;:&quot;in-out&quot;,&quot;motion_fx_opacity_range&quot;:{&quot;unit&quot;:&quot;%&quot;,&quot;size&quot;:&quot;&quot;,&quot;sizes&quot;:{&quot;start&quot;:75,&quot;end&quot;:85}},&quot;motion_fx_opacity_level&quot;:{&quot;unit&quot;:&quot;px&quot;,&quot;size&quot;:10,&quot;sizes&quot;:[]},&quot;motion_fx_devices&quot;:[&quot;desktop&quot;,&quot;tablet&quot;,&quot;mobile&quot;]}\">\n\t\t\t\t\t<div class=\"e-con-inner\">\n\t\t\t\t<div class=\"elementor-element elementor-element-35ddf5c elementor-posts--align-left elementor-grid-4 elementor-grid-tablet-2 elementor-grid-mobile-1 elementor-posts--thumbnail-top elementor-invisible elementor-widget elementor-widget-posts\" data-id=\"35ddf5c\" data-element_type=\"widget\" data-e-type=\"widget\" data-settings=\"{&quot;_animation&quot;:&quot;fadeIn&quot;,&quot;_animation_delay&quot;:400,&quot;classic_row_gap&quot;:{&quot;unit&quot;:&quot;px&quot;,&quot;size&quot;:20,&quot;sizes&quot;:[]},&quot;pagination_type&quot;:&quot;load_more_infinite_scroll&quot;,&quot;motion_fx_motion_fx_scrolling&quot;:&quot;yes&quot;,&quot;motion_fx_blur_effect&quot;:&quot;yes&quot;,&quot;motion_fx_blur_direction&quot;:&quot;in-out&quot;,&quot;motion_fx_blur_range&quot;:{&quot;unit&quot;:&quot;%&quot;,&quot;size&quot;:&quot;&quot;,&quot;sizes&quot;:{&quot;start&quot;:80,&quot;end&quot;:100}},&quot;classic_columns&quot;:&quot;4&quot;,&quot;classic_columns_tablet&quot;:&quot;2&quot;,&quot;classic_columns_mobile&quot;:&quot;1&quot;,&quot;classic_row_gap_tablet&quot;:{&quot;unit&quot;:&quot;px&quot;,&quot;size&quot;:&quot;&quot;,&quot;sizes&quot;:[]},&quot;classic_row_gap_mobile&quot;:{&quot;unit&quot;:&quot;px&quot;,&quot;size&quot;:&quot;&quot;,&quot;sizes&quot;:[]},&quot;load_more_spinner&quot;:{&quot;value&quot;:&quot;fas fa-spinner&quot;,&quot;library&quot;:&quot;fa-solid&quot;},&quot;motion_fx_blur_level&quot;:{&quot;unit&quot;:&quot;px&quot;,&quot;size&quot;:7,&quot;sizes&quot;:[]},&quot;motion_fx_devices&quot;:[&quot;desktop&quot;,&quot;tablet&quot;,&quot;mobile&quot;]}\" data-widget_type=\"posts.classic\">\n\t\t\t\t<div class=\"elementor-widget-container\">\n\t\t\t\t\t\t\t<div class=\"elementor-posts-container elementor-posts elementor-posts--skin-classic elementor-grid\" role=\"list\">\n\t\t\t\t<article class=\"elementor-post elementor-grid-item post-1173 post type-post status-publish format-standard has-post-thumbnail hentry category-kaynaklar\" role=\"listitem\">\n\t\t\t\t<a class=\"elementor-post__thumbnail__link\" href=\"https:\/\/legacy.mithrapack.com\/en\/kaynaklar\/doypack-ambalaj-siklik-ve-fonksiyonelligin-mukemmel-birlesimi\/\" tabindex=\"-1\" >\n\t\t\t<div class=\"elementor-post__thumbnail\"><img fetchpriority=\"high\" decoding=\"async\" width=\"1920\" height=\"1080\" src=\"https:\/\/legacy.mithrapack.com\/wp-content\/uploads\/2025\/01\/doypack-ambalaj-siklik-ve-fonksiyonelligin-mukemmel-birlesim-ambalaj-mithrapack.webp\" class=\"attachment-full size-full wp-image-4431\" alt=\"\" srcset=\"https:\/\/legacy.mithrapack.com\/wp-content\/uploads\/2025\/01\/doypack-ambalaj-siklik-ve-fonksiyonelligin-mukemmel-birlesim-ambalaj-mithrapack.webp 1920w, https:\/\/legacy.mithrapack.com\/wp-content\/uploads\/2025\/01\/doypack-ambalaj-siklik-ve-fonksiyonelligin-mukemmel-birlesim-ambalaj-mithrapack-300x169.webp 300w, https:\/\/legacy.mithrapack.com\/wp-content\/uploads\/2025\/01\/doypack-ambalaj-siklik-ve-fonksiyonelligin-mukemmel-birlesim-ambalaj-mithrapack-1024x576.webp 1024w, https:\/\/legacy.mithrapack.com\/wp-content\/uploads\/2025\/01\/doypack-ambalaj-siklik-ve-fonksiyonelligin-mukemmel-birlesim-ambalaj-mithrapack-768x432.webp 768w, https:\/\/legacy.mithrapack.com\/wp-content\/uploads\/2025\/01\/doypack-ambalaj-siklik-ve-fonksiyonelligin-mukemmel-birlesim-ambalaj-mithrapack-1536x864.webp 1536w, https:\/\/legacy.mithrapack.com\/wp-content\/uploads\/2025\/01\/doypack-ambalaj-siklik-ve-fonksiyonelligin-mukemmel-birlesim-ambalaj-mithrapack-18x10.webp 18w\" sizes=\"(max-width: 1920px) 100vw, 1920px\" \/><\/div>\n\t\t<\/a>\n\t\t\t\t<div class=\"elementor-post__text\">\n\t\t\t\t<h3 class=\"elementor-post__title\">\n\t\t\t<a href=\"https:\/\/legacy.mithrapack.com\/en\/kaynaklar\/doypack-ambalaj-siklik-ve-fonksiyonelligin-mukemmel-birlesimi\/\" >\n\t\t\t\tDoypack Ambalaj: \u015e\u0131kl\u0131k ve Fonksiyonelli\u011fin M\u00fckemmel Birle\u015fimi\t\t\t<\/a>\n\t\t<\/h3>\n\t\t\t\t<div class=\"elementor-post__excerpt\">\n\t\t\t<p>Doypack ambalajlar, modern ambalaj \u00e7\u00f6z\u00fcmleri aras\u0131nda \u00f6ne \u00e7\u0131kan, pratik kullan\u0131m\u0131, \u015f\u0131k tasar\u0131m\u0131 ve fonksiyonel \u00f6zellikleriyle dikkat \u00e7eken bir se\u00e7enektir.<\/p>\n\t\t<\/div>\n\t\t\n\t\t<a class=\"elementor-post__read-more\" href=\"https:\/\/legacy.mithrapack.com\/en\/kaynaklar\/doypack-ambalaj-siklik-ve-fonksiyonelligin-mukemmel-birlesimi\/\" aria-label=\"Read more about Doypack Ambalaj: \u015e\u0131kl\u0131k ve Fonksiyonelli\u011fin M\u00fckemmel Birle\u015fimi\" tabindex=\"-1\" >\n\t\t\tDEVAMINI OKUYUN\t\t<\/a>\n\n\t\t\t\t<\/div>\n\t\t\t\t<\/article>\n\t\t\t\t<article class=\"elementor-post elementor-grid-item post-279 post type-post status-publish format-standard has-post-thumbnail hentry category-kaynaklar\" role=\"listitem\">\n\t\t\t\t<a class=\"elementor-post__thumbnail__link\" href=\"https:\/\/legacy.mithrapack.com\/en\/kaynaklar\/gida-ambalajlari-urunlerinizi-taze-ve-guvenli-tutmanin-yolu\/\" tabindex=\"-1\" >\n\t\t\t<div class=\"elementor-post__thumbnail\"><img decoding=\"async\" width=\"1920\" height=\"1080\" src=\"https:\/\/legacy.mithrapack.com\/wp-content\/uploads\/2025\/01\/gida-ambalajlari-urunlerinizi-taze-ve-guvenli-tutmanin-yolu-ambalaj-mithrapack.webp\" class=\"attachment-full size-full wp-image-4432\" alt=\"\" srcset=\"https:\/\/legacy.mithrapack.com\/wp-content\/uploads\/2025\/01\/gida-ambalajlari-urunlerinizi-taze-ve-guvenli-tutmanin-yolu-ambalaj-mithrapack.webp 1920w, https:\/\/legacy.mithrapack.com\/wp-content\/uploads\/2025\/01\/gida-ambalajlari-urunlerinizi-taze-ve-guvenli-tutmanin-yolu-ambalaj-mithrapack-300x169.webp 300w, https:\/\/legacy.mithrapack.com\/wp-content\/uploads\/2025\/01\/gida-ambalajlari-urunlerinizi-taze-ve-guvenli-tutmanin-yolu-ambalaj-mithrapack-1024x576.webp 1024w, https:\/\/legacy.mithrapack.com\/wp-content\/uploads\/2025\/01\/gida-ambalajlari-urunlerinizi-taze-ve-guvenli-tutmanin-yolu-ambalaj-mithrapack-768x432.webp 768w, https:\/\/legacy.mithrapack.com\/wp-content\/uploads\/2025\/01\/gida-ambalajlari-urunlerinizi-taze-ve-guvenli-tutmanin-yolu-ambalaj-mithrapack-1536x864.webp 1536w, https:\/\/legacy.mithrapack.com\/wp-content\/uploads\/2025\/01\/gida-ambalajlari-urunlerinizi-taze-ve-guvenli-tutmanin-yolu-ambalaj-mithrapack-18x10.webp 18w\" sizes=\"(max-width: 1920px) 100vw, 1920px\" \/><\/div>\n\t\t<\/a>\n\t\t\t\t<div class=\"elementor-post__text\">\n\t\t\t\t<h3 class=\"elementor-post__title\">\n\t\t\t<a href=\"https:\/\/legacy.mithrapack.com\/en\/kaynaklar\/gida-ambalajlari-urunlerinizi-taze-ve-guvenli-tutmanin-yolu\/\" >\n\t\t\t\tG\u0131da Ambalajlar\u0131: \u00dcr\u00fcnlerinizi Taze ve G\u00fcvenli Tutman\u0131n Yolu\t\t\t<\/a>\n\t\t<\/h3>\n\t\t\t\t<div class=\"elementor-post__excerpt\">\n\t\t\t<p>G\u0131da ambalajlar\u0131, g\u0131da \u00fcr\u00fcnlerinin tazeli\u011fini korumak, g\u00fcvenli bir \u015fekilde depolamak ve t\u00fcketiciye ula\u015ft\u0131rmak i\u00e7in kritik \u00f6neme sahiptir.<\/p>\n\t\t<\/div>\n\t\t\n\t\t<a class=\"elementor-post__read-more\" href=\"https:\/\/legacy.mithrapack.com\/en\/kaynaklar\/gida-ambalajlari-urunlerinizi-taze-ve-guvenli-tutmanin-yolu\/\" aria-label=\"Read more about G\u0131da Ambalajlar\u0131: \u00dcr\u00fcnlerinizi Taze ve G\u00fcvenli Tutman\u0131n Yolu\" tabindex=\"-1\" >\n\t\t\tDEVAMINI OKUYUN\t\t<\/a>\n\n\t\t\t\t<\/div>\n\t\t\t\t<\/article>\n\t\t\t\t<article class=\"elementor-post elementor-grid-item post-1175 post type-post status-publish format-standard has-post-thumbnail hentry category-kaynaklar\" role=\"listitem\">\n\t\t\t\t<a class=\"elementor-post__thumbnail__link\" href=\"https:\/\/legacy.mithrapack.com\/en\/kaynaklar\/agir-hizmet-torbalari-dayanikli-ve-guvenli-ambalaj-cozumleri\/\" tabindex=\"-1\" >\n\t\t\t<div class=\"elementor-post__thumbnail\"><img decoding=\"async\" width=\"1920\" height=\"1080\" src=\"https:\/\/legacy.mithrapack.com\/wp-content\/uploads\/2025\/01\/mithrapack-ambalaj-agir-hizmet-torbalari-dayanikli-ve-guvenli-ambalaj-cozumleri.webp\" class=\"attachment-full size-full wp-image-4278\" alt=\"\" srcset=\"https:\/\/legacy.mithrapack.com\/wp-content\/uploads\/2025\/01\/mithrapack-ambalaj-agir-hizmet-torbalari-dayanikli-ve-guvenli-ambalaj-cozumleri.webp 1920w, https:\/\/legacy.mithrapack.com\/wp-content\/uploads\/2025\/01\/mithrapack-ambalaj-agir-hizmet-torbalari-dayanikli-ve-guvenli-ambalaj-cozumleri-300x169.webp 300w, https:\/\/legacy.mithrapack.com\/wp-content\/uploads\/2025\/01\/mithrapack-ambalaj-agir-hizmet-torbalari-dayanikli-ve-guvenli-ambalaj-cozumleri-1024x576.webp 1024w, https:\/\/legacy.mithrapack.com\/wp-content\/uploads\/2025\/01\/mithrapack-ambalaj-agir-hizmet-torbalari-dayanikli-ve-guvenli-ambalaj-cozumleri-768x432.webp 768w, https:\/\/legacy.mithrapack.com\/wp-content\/uploads\/2025\/01\/mithrapack-ambalaj-agir-hizmet-torbalari-dayanikli-ve-guvenli-ambalaj-cozumleri-1536x864.webp 1536w, https:\/\/legacy.mithrapack.com\/wp-content\/uploads\/2025\/01\/mithrapack-ambalaj-agir-hizmet-torbalari-dayanikli-ve-guvenli-ambalaj-cozumleri-18x10.webp 18w\" sizes=\"(max-width: 1920px) 100vw, 1920px\" \/><\/div>\n\t\t<\/a>\n\t\t\t\t<div class=\"elementor-post__text\">\n\t\t\t\t<h3 class=\"elementor-post__title\">\n\t\t\t<a href=\"https:\/\/legacy.mithrapack.com\/en\/kaynaklar\/agir-hizmet-torbalari-dayanikli-ve-guvenli-ambalaj-cozumleri\/\" >\n\t\t\t\tA\u011f\u0131r Hizmet Torbalar\u0131: Dayan\u0131kl\u0131 ve G\u00fcvenli Ambalaj \u00c7\u00f6z\u00fcmleri\t\t\t<\/a>\n\t\t<\/h3>\n\t\t\t\t<div class=\"elementor-post__excerpt\">\n\t\t\t<p>A\u011f\u0131r hizmet torbalar\u0131, \u00f6zellikle a\u011f\u0131r y\u00fcklerin ta\u015f\u0131nmas\u0131 ve depolanmas\u0131 i\u00e7in tasarlanm\u0131\u015f, sa\u011flam ve g\u00fcvenilir ambalaj \u00e7\u00f6z\u00fcmleridir. Dayan\u0131kl\u0131 yap\u0131lar\u0131 ve y\u00fcksek ta\u015f\u0131ma kapasiteleri sayesinde a\u011f\u0131r y\u00fckleri g\u00fcvenle ta\u015f\u0131yabilirler. <\/p>\n\t\t<\/div>\n\t\t\n\t\t<a class=\"elementor-post__read-more\" href=\"https:\/\/legacy.mithrapack.com\/en\/kaynaklar\/agir-hizmet-torbalari-dayanikli-ve-guvenli-ambalaj-cozumleri\/\" aria-label=\"Read more about A\u011f\u0131r Hizmet Torbalar\u0131: Dayan\u0131kl\u0131 ve G\u00fcvenli Ambalaj \u00c7\u00f6z\u00fcmleri\" tabindex=\"-1\" >\n\t\t\tDEVAMINI OKUYUN\t\t<\/a>\n\n\t\t\t\t<\/div>\n\t\t\t\t<\/article>\n\t\t\t\t<article class=\"elementor-post elementor-grid-item post-1171 post type-post status-publish format-standard has-post-thumbnail hentry category-kaynaklar\" role=\"listitem\">\n\t\t\t\t<a class=\"elementor-post__thumbnail__link\" href=\"https:\/\/legacy.mithrapack.com\/en\/kaynaklar\/polietilen-ambalaj-sektorunun-vazgecilmez-malzemesi\/\" tabindex=\"-1\" >\n\t\t\t<div class=\"elementor-post__thumbnail\"><img loading=\"lazy\" decoding=\"async\" width=\"1920\" height=\"1080\" src=\"https:\/\/legacy.mithrapack.com\/wp-content\/uploads\/2025\/01\/mithrapack-ambalaj-kaynak-polietilen-ambalaj-sektorunun-vazgecilmez-malzemesi-0.webp\" class=\"attachment-full size-full wp-image-4429\" alt=\"\" srcset=\"https:\/\/legacy.mithrapack.com\/wp-content\/uploads\/2025\/01\/mithrapack-ambalaj-kaynak-polietilen-ambalaj-sektorunun-vazgecilmez-malzemesi-0.webp 1920w, https:\/\/legacy.mithrapack.com\/wp-content\/uploads\/2025\/01\/mithrapack-ambalaj-kaynak-polietilen-ambalaj-sektorunun-vazgecilmez-malzemesi-0-300x169.webp 300w, https:\/\/legacy.mithrapack.com\/wp-content\/uploads\/2025\/01\/mithrapack-ambalaj-kaynak-polietilen-ambalaj-sektorunun-vazgecilmez-malzemesi-0-1024x576.webp 1024w, https:\/\/legacy.mithrapack.com\/wp-content\/uploads\/2025\/01\/mithrapack-ambalaj-kaynak-polietilen-ambalaj-sektorunun-vazgecilmez-malzemesi-0-768x432.webp 768w, https:\/\/legacy.mithrapack.com\/wp-content\/uploads\/2025\/01\/mithrapack-ambalaj-kaynak-polietilen-ambalaj-sektorunun-vazgecilmez-malzemesi-0-1536x864.webp 1536w, https:\/\/legacy.mithrapack.com\/wp-content\/uploads\/2025\/01\/mithrapack-ambalaj-kaynak-polietilen-ambalaj-sektorunun-vazgecilmez-malzemesi-0-18x10.webp 18w\" sizes=\"(max-width: 1920px) 100vw, 1920px\" \/><\/div>\n\t\t<\/a>\n\t\t\t\t<div class=\"elementor-post__text\">\n\t\t\t\t<h3 class=\"elementor-post__title\">\n\t\t\t<a href=\"https:\/\/legacy.mithrapack.com\/en\/kaynaklar\/polietilen-ambalaj-sektorunun-vazgecilmez-malzemesi\/\" >\n\t\t\t\tPolietilen: Ambalaj Sekt\u00f6r\u00fcn\u00fcn Vazge\u00e7ilmez Malzemesi\t\t\t<\/a>\n\t\t<\/h3>\n\t\t\t\t<div class=\"elementor-post__excerpt\">\n\t\t\t<p>Polietilen (PE), d\u00fcnya genelinde en yayg\u0131n kullan\u0131lan polimer t\u00fcrlerinden biridir ve t\u00fcm polimer \u00fcretiminin yakla\u015f\u0131k %30&#8217;unu olu\u015fturur. Yar\u0131 kristalin ve apolar bir termoplastik olan polietilen, \u00f6zellikle ambalaj ve film \u00fcretiminde s\u0131kl\u0131kla tercih edilir.<\/p>\n\t\t<\/div>\n\t\t\n\t\t<a class=\"elementor-post__read-more\" href=\"https:\/\/legacy.mithrapack.com\/en\/kaynaklar\/polietilen-ambalaj-sektorunun-vazgecilmez-malzemesi\/\" aria-label=\"Read more about Polietilen: Ambalaj Sekt\u00f6r\u00fcn\u00fcn Vazge\u00e7ilmez Malzemesi\" tabindex=\"-1\" >\n\t\t\tDEVAMINI OKUYUN\t\t<\/a>\n\n\t\t\t\t<\/div>\n\t\t\t\t<\/article>\n\t\t\t\t<article class=\"elementor-post elementor-grid-item post-277 post type-post status-publish format-standard has-post-thumbnail hentry category-kaynaklar\" role=\"listitem\">\n\t\t\t\t<a class=\"elementor-post__thumbnail__link\" href=\"https:\/\/legacy.mithrapack.com\/en\/kaynaklar\/magaza-posetleri-alisverisi-kolaylastiran-ambalaj-cozumleri\/\" tabindex=\"-1\" >\n\t\t\t<div class=\"elementor-post__thumbnail\"><img loading=\"lazy\" decoding=\"async\" width=\"1920\" height=\"1080\" src=\"https:\/\/legacy.mithrapack.com\/wp-content\/uploads\/2025\/01\/mithrapack-ambalaj-kaynaklar-magaza-posetleri-alisverisi-kolaylastiran-ambalaj-cozumleri.webp\" class=\"attachment-full size-full wp-image-4428\" alt=\"\" srcset=\"https:\/\/legacy.mithrapack.com\/wp-content\/uploads\/2025\/01\/mithrapack-ambalaj-kaynaklar-magaza-posetleri-alisverisi-kolaylastiran-ambalaj-cozumleri.webp 1920w, https:\/\/legacy.mithrapack.com\/wp-content\/uploads\/2025\/01\/mithrapack-ambalaj-kaynaklar-magaza-posetleri-alisverisi-kolaylastiran-ambalaj-cozumleri-300x169.webp 300w, https:\/\/legacy.mithrapack.com\/wp-content\/uploads\/2025\/01\/mithrapack-ambalaj-kaynaklar-magaza-posetleri-alisverisi-kolaylastiran-ambalaj-cozumleri-1024x576.webp 1024w, https:\/\/legacy.mithrapack.com\/wp-content\/uploads\/2025\/01\/mithrapack-ambalaj-kaynaklar-magaza-posetleri-alisverisi-kolaylastiran-ambalaj-cozumleri-768x432.webp 768w, https:\/\/legacy.mithrapack.com\/wp-content\/uploads\/2025\/01\/mithrapack-ambalaj-kaynaklar-magaza-posetleri-alisverisi-kolaylastiran-ambalaj-cozumleri-1536x864.webp 1536w, https:\/\/legacy.mithrapack.com\/wp-content\/uploads\/2025\/01\/mithrapack-ambalaj-kaynaklar-magaza-posetleri-alisverisi-kolaylastiran-ambalaj-cozumleri-18x10.webp 18w\" sizes=\"(max-width: 1920px) 100vw, 1920px\" \/><\/div>\n\t\t<\/a>\n\t\t\t\t<div class=\"elementor-post__text\">\n\t\t\t\t<h3 class=\"elementor-post__title\">\n\t\t\t<a href=\"https:\/\/legacy.mithrapack.com\/en\/kaynaklar\/magaza-posetleri-alisverisi-kolaylastiran-ambalaj-cozumleri\/\" >\n\t\t\t\tMa\u011faza Po\u015fetleri: Al\u0131\u015fveri\u015fi Kolayla\u015ft\u0131ran Ambalaj \u00c7\u00f6z\u00fcmleri\t\t\t<\/a>\n\t\t<\/h3>\n\t\t\t\t<div class=\"elementor-post__excerpt\">\n\t\t\t<p>Ma\u011faza po\u015fetleri, perakende sekt\u00f6r\u00fcn\u00fcn vazge\u00e7ilmez bir par\u00e7as\u0131d\u0131r. Sadece al\u0131\u015fveri\u015f yapan t\u00fcketiciler i\u00e7in ta\u015f\u0131ma kolayl\u0131\u011f\u0131 sa\u011flamakla kalmaz, ayn\u0131 zamanda markalar\u0131n tan\u0131t\u0131m\u0131na ve imaj olu\u015fturmas\u0131na da \u00f6nemli katk\u0131lar sunar. <\/p>\n\t\t<\/div>\n\t\t\n\t\t<a class=\"elementor-post__read-more\" href=\"https:\/\/legacy.mithrapack.com\/en\/kaynaklar\/magaza-posetleri-alisverisi-kolaylastiran-ambalaj-cozumleri\/\" aria-label=\"Read more about Ma\u011faza Po\u015fetleri: Al\u0131\u015fveri\u015fi Kolayla\u015ft\u0131ran Ambalaj \u00c7\u00f6z\u00fcmleri\" tabindex=\"-1\" >\n\t\t\tDEVAMINI OKUYUN\t\t<\/a>\n\n\t\t\t\t<\/div>\n\t\t\t\t<\/article>\n\t\t\t\t<\/div>\n\t\t\t\t\t<span class=\"e-load-more-spinner\">\n\t\t\t\t<svg aria-hidden=\"true\" class=\"e-font-icon-svg e-fas-spinner\" viewBox=\"0 0 512 512\" xmlns=\"http:\/\/www.w3.org\/2000\/svg\"><path d=\"M304 48c0 26.51-21.49 48-48 48s-48-21.49-48-48 21.49-48 48-48 48 21.49 48 48zm-48 368c-26.51 0-48 21.49-48 48s21.49 48 48 48 48-21.49 48-48-21.49-48-48-48zm208-208c-26.51 0-48 21.49-48 48s21.49 48 48 48 48-21.49 48-48-21.49-48-48-48zM96 256c0-26.51-21.49-48-48-48S0 229.49 0 256s21.49 48 48 48 48-21.49 48-48zm12.922 99.078c-26.51 0-48 21.49-48 48s21.49 48 48 48 48-21.49 48-48c0-26.509-21.491-48-48-48zm294.156 0c-26.51 0-48 21.49-48 48s21.49 48 48 48 48-21.49 48-48c0-26.509-21.49-48-48-48zM108.922 60.922c-26.51 0-48 21.49-48 48s21.49 48 48 48 48-21.49 48-48-21.491-48-48-48z\"><\/path><\/svg>\t\t\t<\/span>\n\t\t\n\t\t\t\t\t\t<\/div>\n\t\t\t\t<\/div>\n\t\t\t\t\t<\/div>\n\t\t\t\t<\/div>\n\t\t\t\t<\/div>\n\t\t\t\t<\/div>\n\t\t","protected":false},"excerpt":{"rendered":"<p>Ambalaj \u00fcr\u00fcnlerimizle ilgili teknik detaylar ve faydal\u0131 bilgileri burada bulabilirsiniz. Ambalaj \u00e7e\u015fitlerine dair teknik bilgi ve detaylara m\u0131 ihtiyac\u0131n\u0131z var? \u0130\u015f ortaklar\u0131m\u0131z\u0131 ve m\u00fc\u015fterilerimizi bilgilendirmek i\u00e7in olu\u015fturdu\u011fumuz kaynaklar\u0131 bu sayfada derledik.<\/p>","protected":false},"author":1,"featured_media":0,"parent":0,"menu_order":0,"comment_status":"closed","ping_status":"closed","template":"elementor_header_footer","meta":{"footnotes":""},"class_list":["post-8732","page","type-page","status-publish","hentry"],"_links":{"self":[{"href":"https:\/\/legacy.mithrapack.com\/en\/wp-json\/wp\/v2\/pages\/8732","targetHints":{"allow":["GET"]}}],"collection":[{"href":"https:\/\/legacy.mithrapack.com\/en\/wp-json\/wp\/v2\/pages"}],"about":[{"href":"https:\/\/legacy.mithrapack.com\/en\/wp-json\/wp\/v2\/types\/page"}],"author":[{"embeddable":true,"href":"https:\/\/legacy.mithrapack.com\/en\/wp-json\/wp\/v2\/users\/1"}],"replies":[{"embeddable":true,"href":"https:\/\/legacy.mithrapack.com\/en\/wp-json\/wp\/v2\/comments?post=8732"}],"version-history":[{"count":0,"href":"https:\/\/legacy.mithrapack.com\/en\/wp-json\/wp\/v2\/pages\/8732\/revisions"}],"wp:attachment":[{"href":"https:\/\/legacy.mithrapack.com\/en\/wp-json\/wp\/v2\/media?parent=8732"}],"curies":[{"name":"wp","href":"https:\/\/api.w.org\/{rel}","templated":true}]}}