{"id":98,"date":"2025-01-28T23:03:39","date_gmt":"2025-01-28T20:03:39","guid":{"rendered":"https:\/\/darkcyan-mantis-631786.hostingersite.com\/?page_id=98"},"modified":"2025-08-09T14:36:07","modified_gmt":"2025-08-09T11:36:07","slug":"hizmetler","status":"publish","type":"page","link":"https:\/\/legacy.mithrapack.com\/de\/hizmetler\/","title":{"rendered":"Dienstleistungen"},"content":{"rendered":"\t\t<div data-elementor-type=\"wp-page\" data-elementor-id=\"98\" class=\"elementor elementor-98\" data-elementor-post-type=\"page\">\n\t\t\t\t<div class=\"elementor-element elementor-element-335acee e-con-full e-flex e-con e-parent\" data-id=\"335acee\" data-element_type=\"container\" data-e-type=\"container\">\n\t\t\t\t<div class=\"elementor-element elementor-element-25ea7d4 elementor-widget__width-initial elementor-widget-tablet__width-inherit elementor-mobile-align-start elementor-icon-list--layout-traditional elementor-list-item-link-full_width elementor-widget elementor-widget-icon-list\" data-id=\"25ea7d4\" data-element_type=\"widget\" data-e-type=\"widget\" data-widget_type=\"icon-list.default\">\n\t\t\t\t<div class=\"elementor-widget-container\">\n\t\t\t\t\t\t\t<ul class=\"elementor-icon-list-items\">\n\t\t\t\t\t\t\t<li class=\"elementor-icon-list-item\">\n\t\t\t\t\t\t\t\t\t\t\t<span class=\"elementor-icon-list-icon\">\n\t\t\t\t\t\t\t<svg aria-hidden=\"true\" class=\"e-font-icon-svg e-far-dot-circle\" viewBox=\"0 0 512 512\" xmlns=\"http:\/\/www.w3.org\/2000\/svg\"><path d=\"M256 56c110.532 0 200 89.451 200 200 0 110.532-89.451 200-200 200-110.532 0-200-89.451-200-200 0-110.532 89.451-200 200-200m0-48C119.033 8 8 119.033 8 256s111.033 248 248 248 248-111.033 248-248S392.967 8 256 8zm0 168c-44.183 0-80 35.817-80 80s35.817 80 80 80 80-35.817 80-80-35.817-80-80-80z\"><\/path><\/svg>\t\t\t\t\t\t<\/span>\n\t\t\t\t\t\t\t\t\t\t<span class=\"elementor-icon-list-text\">S\u00fcrecin her a\u015famas\u0131nda \u015feffaf ve i\u015f birli\u011fine dayal\u0131 bir yakla\u015f\u0131m benimsiyoruz.<\/span>\n\t\t\t\t\t\t\t\t\t<\/li>\n\t\t\t\t\t\t<\/ul>\n\t\t\t\t\t\t<\/div>\n\t\t\t\t<\/div>\n\t\t\t\t<div class=\"elementor-element elementor-element-bdf5755 elementor-widget__width-initial elementor-widget-tablet__width-inherit elementor-widget elementor-widget-text-editor\" data-id=\"bdf5755\" data-element_type=\"widget\" data-e-type=\"widget\" data-widget_type=\"text-editor.default\">\n\t\t\t\t<div class=\"elementor-widget-container\">\n\t\t\t\t\t\t\t\t\t<p>Esnek ambalaj sekt\u00f6r\u00fcn\u00fcn dinamiklerini ve s\u00fcrekli de\u011fi\u015fen pazar ko\u015fullar\u0131n\u0131 yak\u0131ndan takip ederken m\u00fc\u015fterilerimizin ihtiya\u00e7lar\u0131n\u0131 y\u00fczeysel bir \u015fekilde de\u011fil, \u00fcr\u00fcn\u00fcn kullan\u0131m amac\u0131, hedef kitlesi, lojistik gereklilikleri ve sekt\u00f6rel trendleri kapsayacak \u015fekilde derinlemesine analiz ediyoruz. Bu yakla\u015f\u0131m, bize her markaya \u00f6zel, rekabet g\u00fcc\u00fcn\u00fc art\u0131ran, s\u00fcrd\u00fcr\u00fclebilir ve katma de\u011fer yaratan \u00e7\u00f6z\u00fcmler geli\u015ftirme imk\u00e2n\u0131 sa\u011fl\u0131yor.<\/p>\t\t\t\t\t\t\t\t<\/div>\n\t\t\t\t<\/div>\n\t\t\t\t<\/div>\n\t\t<div class=\"elementor-element elementor-element-4f46c62 e-con-full e-flex e-con e-parent\" data-id=\"4f46c62\" data-element_type=\"container\" data-e-type=\"container\">\n\t\t<div class=\"elementor-element elementor-element-2e90088 e-flex e-con-boxed e-con e-child\" data-id=\"2e90088\" data-element_type=\"container\" data-e-type=\"container\" data-settings=\"{&quot;motion_fx_motion_fx_scrolling&quot;:&quot;yes&quot;,&quot;motion_fx_opacity_effect&quot;:&quot;yes&quot;,&quot;motion_fx_opacity_direction&quot;:&quot;in-out&quot;,&quot;motion_fx_opacity_range&quot;:{&quot;unit&quot;:&quot;%&quot;,&quot;size&quot;:&quot;&quot;,&quot;sizes&quot;:{&quot;start&quot;:75,&quot;end&quot;:85}},&quot;motion_fx_devices&quot;:[&quot;desktop&quot;],&quot;motion_fx_opacity_level&quot;:{&quot;unit&quot;:&quot;px&quot;,&quot;size&quot;:10,&quot;sizes&quot;:[]}}\">\n\t\t\t\t\t<div class=\"e-con-inner\">\n\t\t<div class=\"elementor-element elementor-element-db8a834 e-con-full e-flex e-con e-child\" data-id=\"db8a834\" data-element_type=\"container\" data-e-type=\"container\" data-settings=\"{&quot;background_background&quot;:&quot;classic&quot;}\">\n\t\t\t\t<div class=\"elementor-element elementor-element-f9f68cb elementor-view-default elementor-widget elementor-widget-icon\" data-id=\"f9f68cb\" data-element_type=\"widget\" data-e-type=\"widget\" data-widget_type=\"icon.default\">\n\t\t\t\t<div class=\"elementor-widget-container\">\n\t\t\t\t\t\t\t<div class=\"elementor-icon-wrapper\">\n\t\t\t<div class=\"elementor-icon\">\n\t\t\t<svg xmlns=\"http:\/\/www.w3.org\/2000\/svg\" id=\"Layer_1\" data-name=\"Layer 1\" viewBox=\"0 0 24 24\"><path d=\"m.5,6.5c0-1.381,1.119-2.5,2.5-2.5s2.5,1.119,2.5,2.5-1.119,2.5-2.5,2.5S.5,7.881.5,6.5Zm8.5,14v2.5c0,.552-.448,1-1,1s-1-.448-1-1v-2.5c0-.276-.224-.5-.5-.5,0,0-3.535,0-3.552-.001-1.63-.028-2.948-1.362-2.948-2.999v-4c0-1.654,1.346-3,3-3s3,1.346,3,3v5h.5c1.378,0,2.5,1.122,2.5,2.5Zm-5-2.5v-5c0-.551-.449-1-1-1s-1,.449-1,1v4c0,.551.449,1,1,1h1Zm17-9c1.381,0,2.5-1.119,2.5-2.5s-1.119-2.5-2.5-2.5-2.5,1.119-2.5,2.5,1.119,2.5,2.5,2.5Zm3,4v4c0,1.637-1.318,2.971-2.948,2.999-.017,0-3.552.001-3.552.001-.276,0-.5.224-.5.5v2.5c0,.552-.448,1-1,1s-1-.448-1-1v-2.5c0-1.378,1.122-2.5,2.5-2.5h.5v-5c0-1.654,1.346-3,3-3s3,1.346,3,3Zm-2,0c0-.551-.449-1-1-1s-1,.449-1,1v5h1c.551,0,1-.449,1-1v-4Zm-6,1c0-.552-.448-1-1-1h-6c-.552,0-1,.448-1,1s.448,1,1,1h6c.552,0,1-.448,1-1ZM7,5.048v-2.096c0-1.628,1.324-2.952,2.952-2.952h4.096c1.628,0,2.952,1.324,2.952,2.952v2.096c0,1.533-1.175,2.797-2.672,2.939l-1.39,1.151c-.272.243-.622.365-.977.365-.363,0-.729-.128-1.021-.388l-1.379-1.141c-1.444-.192-2.561-1.431-2.561-2.926Zm2,0c0,.525.427.952.952.952.233,0,.458.081.638.229l1.363,1.128,1.362-1.128c.179-.149.405-.23.638-.23h.096c.525,0,.952-.427.952-.952v-2.096c0-.525-.427-.952-.952-.952h-4.096c-.525,0-.952.427-.952.952v2.096Zm-5,16.952H1c-.552,0-1,.448-1,1s.448,1,1,1h3c.552,0,1-.448,1-1s-.448-1-1-1Zm19,0h-3c-.552,0-1,.448-1,1s.448,1,1,1h3c.552,0,1-.448,1-1s-.448-1-1-1Z\"><\/path><\/svg>\t\t\t<\/div>\n\t\t<\/div>\n\t\t\t\t\t\t<\/div>\n\t\t\t\t<\/div>\n\t\t<div class=\"elementor-element elementor-element-5166752 e-con-full e-flex e-con e-child\" data-id=\"5166752\" data-element_type=\"container\" data-e-type=\"container\">\n\t\t\t\t<div class=\"elementor-element elementor-element-d4a9371 elementor-widget elementor-widget-heading\" data-id=\"d4a9371\" data-element_type=\"widget\" data-e-type=\"widget\" data-widget_type=\"heading.default\">\n\t\t\t\t<div class=\"elementor-widget-container\">\n\t\t\t\t\t<h2 class=\"elementor-heading-title elementor-size-default\">Dan\u0131\u015fmanl\u0131k<\/h2>\t\t\t\t<\/div>\n\t\t\t\t<\/div>\n\t\t\t\t<div class=\"elementor-element elementor-element-0eeffb9 elementor-widget elementor-widget-text-editor\" data-id=\"0eeffb9\" data-element_type=\"widget\" data-e-type=\"widget\" data-widget_type=\"text-editor.default\">\n\t\t\t\t<div class=\"elementor-widget-container\">\n\t\t\t\t\t\t\t\t\t<p data-start=\"127\" data-end=\"306\">Mithrapack olarak, m\u00fc\u015fterilerimizin ihtiya\u00e7lar\u0131n\u0131 detayl\u0131 \u015fekilde analiz ediyoruz. Buna ek olarak \u00fcr\u00fcn, hedef kitle ve pazar ko\u015fullar\u0131n\u0131 itinayla g\u00f6z \u00f6n\u00fcnde bulunduruyoruz ve markan\u0131z i\u00e7in en uygun esnek ambalaj stratejisini titizlikle belirliyoruz.<\/p>\t\t\t\t\t\t\t\t<\/div>\n\t\t\t\t<\/div>\n\t\t\t\t<\/div>\n\t\t\t\t<\/div>\n\t\t<div class=\"elementor-element elementor-element-869fcc0 e-con-full e-flex e-con e-child\" data-id=\"869fcc0\" data-element_type=\"container\" data-e-type=\"container\" data-settings=\"{&quot;background_background&quot;:&quot;classic&quot;}\">\n\t\t\t\t<div class=\"elementor-element elementor-element-39fe251 elementor-view-default elementor-widget elementor-widget-icon\" data-id=\"39fe251\" data-element_type=\"widget\" data-e-type=\"widget\" data-widget_type=\"icon.default\">\n\t\t\t\t<div class=\"elementor-widget-container\">\n\t\t\t\t\t\t\t<div class=\"elementor-icon-wrapper\">\n\t\t\t<div class=\"elementor-icon\">\n\t\t\t<svg xmlns=\"http:\/\/www.w3.org\/2000\/svg\" id=\"Layer_1\" data-name=\"Layer 1\" viewBox=\"0 0 24 24\"><path d=\"m.293,4.293l1.293-1.293L.293,1.707C-.098,1.316-.098.684.293.293S1.316-.098,1.707.293l1.293,1.293,1.293-1.293c.391-.391,1.023-.391,1.414,0s.391,1.023,0,1.414l-1.293,1.293,1.293,1.293c.391.391.391,1.023,0,1.414-.195.195-.451.293-.707.293s-.512-.098-.707-.293l-1.293-1.293-1.293,1.293c-.195.195-.451.293-.707.293s-.512-.098-.707-.293c-.391-.391-.391-1.023,0-1.414Zm9,6.414c.195.195.451.293.707.293s.512-.098.707-.293l1.293-1.293,1.293,1.293c.195.195.451.293.707.293s.512-.098.707-.293c.391-.391.391-1.023,0-1.414l-1.293-1.293,1.293-1.293c.391-.391.391-1.023,0-1.414s-1.023-.391-1.414,0l-1.293,1.293-1.293-1.293c-.391-.391-1.023-.391-1.414,0s-.391,1.023,0,1.414l1.293,1.293-1.293,1.293c-.391.391-.391,1.023,0,1.414Zm11.414,7.586c-.391-.391-1.023-.391-1.414,0l-1.293,1.293-1.293-1.293c-.391-.391-1.023-.391-1.414,0s-.391,1.023,0,1.414l1.293,1.293-1.293,1.293c-.391.391-.391,1.023,0,1.414.195.195.451.293.707.293s.512-.098.707-.293l1.293-1.293,1.293,1.293c.195.195.451.293.707.293s.512-.098.707-.293c.391-.391.391-1.023,0-1.414l-1.293-1.293,1.293-1.293c.391-.391.391-1.023,0-1.414Zm3.014-14.1c-.196.204-.458.307-.721.307-.249,0-.499-.093-.692-.279l-1.308-1.256v8.035c0,2.206-1.794,4-4,4H6.504c-1.099,0-1.995.894-2,1.992v.172c1.438.435,2.496,1.757,2.496,3.336,0,1.93-1.57,3.5-3.5,3.5s-3.5-1.57-3.5-3.5c0-1.581,1.061-2.905,2.503-3.338v-.178c.009-2.197,1.804-3.984,4.001-3.984h10.496c1.103,0,2-.897,2-2V2.972l-1.308,1.249c-.397.383-1.031.37-1.413-.028-.383-.398-.37-1.031.028-1.414l2.301-2.21c.761-.761,2.021-.76,2.798.014l2.286,2.197c.398.383.411,1.016.028,1.414ZM3.5,19c-.827,0-1.5.673-1.5,1.5s.673,1.5,1.5,1.5,1.5-.673,1.5-1.5-.673-1.5-1.5-1.5Z\"><\/path><\/svg>\t\t\t<\/div>\n\t\t<\/div>\n\t\t\t\t\t\t<\/div>\n\t\t\t\t<\/div>\n\t\t<div class=\"elementor-element elementor-element-5ac0ffc e-con-full e-flex e-con e-child\" data-id=\"5ac0ffc\" data-element_type=\"container\" data-e-type=\"container\">\n\t\t\t\t<div class=\"elementor-element elementor-element-5473ee6 elementor-widget elementor-widget-heading\" data-id=\"5473ee6\" data-element_type=\"widget\" data-e-type=\"widget\" data-widget_type=\"heading.default\">\n\t\t\t\t<div class=\"elementor-widget-container\">\n\t\t\t\t\t<h2 class=\"elementor-heading-title elementor-size-default\">Planlama<\/h2>\t\t\t\t<\/div>\n\t\t\t\t<\/div>\n\t\t\t\t<div class=\"elementor-element elementor-element-9c165d2 elementor-widget elementor-widget-text-editor\" data-id=\"9c165d2\" data-element_type=\"widget\" data-e-type=\"widget\" data-widget_type=\"text-editor.default\">\n\t\t\t\t<div class=\"elementor-widget-container\">\n\t\t\t\t\t\t\t\t\t<p data-start=\"127\" data-end=\"306\">Ambalaj \u00e7\u00f6z\u00fcmleri i\u00e7in kapsaml\u0131 ve stratejik bir plan\u0131 \u00f6zenli ve detayl\u0131 bir \u015fekilde olu\u015fturuyoruz. Maliyet, zaman, kalite ve \u00e7evresel fakt\u00f6rleri g\u00f6z \u00f6n\u00fcnde bulundurarak, en verimli ve etkili \u00e7\u00f6z\u00fcmleri m\u00fc\u015fterilerimiz i\u00e7in yetkinlikle tasarl\u0131yoruz.<\/p>\t\t\t\t\t\t\t\t<\/div>\n\t\t\t\t<\/div>\n\t\t\t\t<\/div>\n\t\t\t\t<\/div>\n\t\t\t\t\t<\/div>\n\t\t\t\t<\/div>\n\t\t<div class=\"elementor-element elementor-element-a08ea6f e-flex e-con-boxed e-con e-child\" data-id=\"a08ea6f\" data-element_type=\"container\" data-e-type=\"container\" data-settings=\"{&quot;motion_fx_motion_fx_scrolling&quot;:&quot;yes&quot;,&quot;motion_fx_opacity_effect&quot;:&quot;yes&quot;,&quot;motion_fx_opacity_direction&quot;:&quot;in-out&quot;,&quot;motion_fx_opacity_range&quot;:{&quot;unit&quot;:&quot;%&quot;,&quot;size&quot;:&quot;&quot;,&quot;sizes&quot;:{&quot;start&quot;:75,&quot;end&quot;:85}},&quot;motion_fx_opacity_level&quot;:{&quot;unit&quot;:&quot;px&quot;,&quot;size&quot;:10,&quot;sizes&quot;:[]},&quot;motion_fx_devices&quot;:[&quot;desktop&quot;,&quot;tablet&quot;,&quot;mobile&quot;]}\">\n\t\t\t\t\t<div class=\"e-con-inner\">\n\t\t<div class=\"elementor-element elementor-element-fd46d46 e-con-full e-flex e-con e-child\" data-id=\"fd46d46\" data-element_type=\"container\" data-e-type=\"container\" data-settings=\"{&quot;background_background&quot;:&quot;classic&quot;}\">\n\t\t\t\t<div class=\"elementor-element elementor-element-aeb35ad elementor-view-default elementor-widget elementor-widget-icon\" data-id=\"aeb35ad\" data-element_type=\"widget\" data-e-type=\"widget\" data-widget_type=\"icon.default\">\n\t\t\t\t<div class=\"elementor-widget-container\">\n\t\t\t\t\t\t\t<div class=\"elementor-icon-wrapper\">\n\t\t\t<div class=\"elementor-icon\">\n\t\t\t<svg xmlns=\"http:\/\/www.w3.org\/2000\/svg\" id=\"Layer_1\" data-name=\"Layer 1\" viewBox=\"0 0 24 24\"><path d=\"m14.988,12.726c.158,1.78-1.24,3.274-2.988,3.274h-3.978c-.691,0-1.181-.666-.975-1.325.502-1.609,1.936-4.165,4.24-4.608,1.755-.338,3.542.879,3.7,2.659Zm8.012-3.726c-.553,0-1,.447-1,1v5c0,1.654-1.346,3-3,3H5c-1.654,0-3-1.346-3-3V7c0-1.654,1.346-3,3-3h8c.553,0,1-.447,1-1s-.447-1-1-1H5C2.243,2,0,4.243,0,7v8c0,2.757,2.243,5,5,5h6v2h-3c-.552,0-1,.447-1,1s.448,1,1,1h8c.553,0,1-.447,1-1s-.447-1-1-1h-3v-2h6c2.757,0,5-2.243,5-5v-5c0-.553-.447-1-1-1Zm-9.414-.315c.007.003.015.006.022.01.384.168.83.059,1.109-.254l5.641-6.13c.348-.389.946-.422,1.334-.074.013.012.025.023.038.036.369.368.369.965.001,1.334,0,0,0,0-.001.001l-5.844,5.686c-.331.331-.378.844-.123,1.237.004.006.008.012.011.017.339.529,1.078.606,1.522.162l5.844-5.685c1.148-1.15,1.148-3.013,0-4.163-1.149-1.15-3.012-1.151-4.162-.002-.039.039-5.761,6.256-5.761,6.256-.455.511-.258,1.298.37,1.569Z\"><\/path><\/svg>\t\t\t<\/div>\n\t\t<\/div>\n\t\t\t\t\t\t<\/div>\n\t\t\t\t<\/div>\n\t\t<div class=\"elementor-element elementor-element-caf622b e-con-full e-flex e-con e-child\" data-id=\"caf622b\" data-element_type=\"container\" data-e-type=\"container\">\n\t\t\t\t<div class=\"elementor-element elementor-element-2c9f309 elementor-widget elementor-widget-heading\" data-id=\"2c9f309\" data-element_type=\"widget\" data-e-type=\"widget\" data-widget_type=\"heading.default\">\n\t\t\t\t<div class=\"elementor-widget-container\">\n\t\t\t\t\t<h2 class=\"elementor-heading-title elementor-size-default\">Tasar\u0131m<\/h2>\t\t\t\t<\/div>\n\t\t\t\t<\/div>\n\t\t\t\t<div class=\"elementor-element elementor-element-46795b4 elementor-widget elementor-widget-text-editor\" data-id=\"46795b4\" data-element_type=\"widget\" data-e-type=\"widget\" data-widget_type=\"text-editor.default\">\n\t\t\t\t<div class=\"elementor-widget-container\">\n\t\t\t\t\t\t\t\t\t<article class=\"text-token-text-primary w-full focus:outline-none scroll-mt-[calc(var(--header-height)+min(200px,max(70px,20svh)))]\" dir=\"auto\" tabindex=\"-1\" data-turn-id=\"request-WEB:c89d5bc7-3616-4b28-88d5-4c9f4b1a2027-8\" data-testid=\"conversation-turn-18\" data-scroll-anchor=\"true\" data-turn=\"assistant\"><div class=\"text-base my-auto mx-auto pb-10 [--thread-content-margin:--spacing(4)] @[37rem]:[--thread-content-margin:--spacing(6)] @[72rem]:[--thread-content-margin:--spacing(16)] px-(--thread-content-margin)\"><div class=\"[--thread-content-max-width:32rem] @[34rem]:[--thread-content-max-width:40rem] @[64rem]:[--thread-content-max-width:48rem] mx-auto max-w-(--thread-content-max-width) flex-1 group\/turn-messages focus-visible:outline-hidden relative flex w-full min-w-0 flex-col agent-turn\" tabindex=\"-1\"><div class=\"flex max-w-full flex-col grow\"><div class=\"min-h-8 text-message relative flex w-full flex-col items-end gap-2 text-start break-words whitespace-normal [.text-message+&amp;]:mt-5\" dir=\"auto\" data-message-author-role=\"assistant\" data-message-id=\"3cfd2068-7eb4-4635-931d-05f5163aa5d8\" data-message-model-slug=\"gpt-4-1-mini\"><div class=\"flex w-full flex-col gap-1 empty:hidden first:pt-[3px]\"><div class=\"markdown prose dark:prose-invert w-full break-words dark markdown-new-styling\"><p data-start=\"0\" data-end=\"232\" data-is-last-node=\"\" data-is-only-node=\"\">Markan\u0131z\u0131n de\u011ferini en iyi \u015fekilde yans\u0131tan, estetik ve i\u015flevsel ambalaj tasar\u0131mlar\u0131 olu\u015fturuyoruz. Grafik tasar\u0131mc\u0131lar\u0131m\u0131z, \u00fcr\u00fcn\u00fcn\u00fcz\u00fcn hedef kitlesine tam olarak hitap edecek, ak\u0131lda kal\u0131c\u0131 ve tamamen markan\u0131za \u00f6zg\u00fcn tasar\u0131mlar geli\u015ftiriyor.<\/p><\/div><\/div><\/div><\/div><\/div><\/div><\/article>\t\t\t\t\t\t\t\t<\/div>\n\t\t\t\t<\/div>\n\t\t\t\t<\/div>\n\t\t\t\t<\/div>\n\t\t<div class=\"elementor-element elementor-element-8461a0f e-con-full e-flex e-con e-child\" data-id=\"8461a0f\" data-element_type=\"container\" data-e-type=\"container\" data-settings=\"{&quot;background_background&quot;:&quot;classic&quot;}\">\n\t\t\t\t<div class=\"elementor-element elementor-element-db36cfc elementor-view-default elementor-widget elementor-widget-icon\" data-id=\"db36cfc\" data-element_type=\"widget\" data-e-type=\"widget\" data-widget_type=\"icon.default\">\n\t\t\t\t<div class=\"elementor-widget-container\">\n\t\t\t\t\t\t\t<div class=\"elementor-icon-wrapper\">\n\t\t\t<div class=\"elementor-icon\">\n\t\t\t<svg xmlns=\"http:\/\/www.w3.org\/2000\/svg\" id=\"Layer_1\" data-name=\"Layer 1\" viewBox=\"0 0 24 24\"><path d=\"m5.5,13h4c1.93,0,3.5-1.57,3.5-3.5v-4c0-1.93-1.57-3.5-3.5-3.5h-4c-1.93,0-3.5,1.57-3.5,3.5v4c0,1.93,1.57,3.5,3.5,3.5Zm-1.5-7.5c0-.827.673-1.5,1.5-1.5h4c.827,0,1.5.673,1.5,1.5v4c0,.827-.673,1.5-1.5,1.5h-4c-.827,0-1.5-.673-1.5-1.5v-4Zm13.5,7.5h2c1.379,0,2.5-1.122,2.5-2.5v-2c0-1.378-1.121-2.5-2.5-2.5h-2c-1.379,0-2.5,1.122-2.5,2.5v2c0,1.378,1.121,2.5,2.5,2.5Zm-.5-4.5c0-.276.225-.5.5-.5h2c.275,0,.5.224.5.5v2c0,.276-.225.5-.5.5h-2c-.275,0-.5-.224-.5-.5v-2Zm2.5,6.5H4.5c-2.481,0-4.5,2.019-4.5,4.5s2.019,4.5,4.5,4.5h15c2.481,0,4.5-2.019,4.5-4.5s-2.019-4.5-4.5-4.5Zm0,7H4.5c-1.379,0-2.5-1.122-2.5-2.5s1.121-2.5,2.5-2.5h15c1.379,0,2.5,1.122,2.5,2.5s-1.121,2.5-2.5,2.5Zm-13.5-2.5c0,.828-.672,1.5-1.5,1.5s-1.5-.672-1.5-1.5.672-1.5,1.5-1.5,1.5.672,1.5,1.5Zm15,0c0,.828-.672,1.5-1.5,1.5s-1.5-.672-1.5-1.5.672-1.5,1.5-1.5,1.5.672,1.5,1.5Zm-7.5,0c0,.828-.672,1.5-1.5,1.5s-1.5-.672-1.5-1.5.672-1.5,1.5-1.5,1.5.672,1.5,1.5Z\"><\/path><\/svg>\t\t\t<\/div>\n\t\t<\/div>\n\t\t\t\t\t\t<\/div>\n\t\t\t\t<\/div>\n\t\t<div class=\"elementor-element elementor-element-ca5c452 e-con-full e-flex e-con e-child\" data-id=\"ca5c452\" data-element_type=\"container\" data-e-type=\"container\">\n\t\t\t\t<div class=\"elementor-element elementor-element-9e1dff1 elementor-widget elementor-widget-heading\" data-id=\"9e1dff1\" data-element_type=\"widget\" data-e-type=\"widget\" data-widget_type=\"heading.default\">\n\t\t\t\t<div class=\"elementor-widget-container\">\n\t\t\t\t\t<h2 class=\"elementor-heading-title elementor-size-default\">\u00dcretim<\/h2>\t\t\t\t<\/div>\n\t\t\t\t<\/div>\n\t\t\t\t<div class=\"elementor-element elementor-element-b0001bc elementor-widget elementor-widget-text-editor\" data-id=\"b0001bc\" data-element_type=\"widget\" data-e-type=\"widget\" data-widget_type=\"text-editor.default\">\n\t\t\t\t<div class=\"elementor-widget-container\">\n\t\t\t\t\t\t\t\t\t<p data-start=\"127\" data-end=\"306\">Son teknoloji ile donat\u0131lm\u0131\u015f tesislerimizde, en y\u00fcksek kalitedeki malzemelerle global standartlara tam uyumlu \u00fcretim yap\u0131yor, her a\u015famada dikkatle ger\u00e7ekle\u015ftirdi\u011fimiz kapsaml\u0131 kalite kontrol\u00fc sayesinde hatas\u0131z ve g\u00fcvenilir \u00fcr\u00fcnler sunuyoruz.<\/p>\t\t\t\t\t\t\t\t<\/div>\n\t\t\t\t<\/div>\n\t\t\t\t<\/div>\n\t\t\t\t<\/div>\n\t\t\t\t\t<\/div>\n\t\t\t\t<\/div>\n\t\t\t\t<\/div>\n\t\t\t\t<\/div>\n\t\t","protected":false},"excerpt":{"rendered":"<p>S\u00fcrecin her a\u015famas\u0131nda \u015feffaf ve i\u015f birli\u011fine dayal\u0131 bir yakla\u015f\u0131m benimsiyoruz. Esnek ambalaj sekt\u00f6r\u00fcn\u00fcn dinamiklerini ve s\u00fcrekli de\u011fi\u015fen pazar ko\u015fullar\u0131n\u0131 yak\u0131ndan takip ederken m\u00fc\u015fterilerimizin ihtiya\u00e7lar\u0131n\u0131 y\u00fczeysel bir \u015fekilde de\u011fil, \u00fcr\u00fcn\u00fcn kullan\u0131m amac\u0131, hedef kitlesi, lojistik gereklilikleri ve sekt\u00f6rel trendleri kapsayacak \u015fekilde derinlemesine analiz ediyoruz. Bu yakla\u015f\u0131m, bize her markaya \u00f6zel, rekabet g\u00fcc\u00fcn\u00fc art\u0131ran, s\u00fcrd\u00fcr\u00fclebilir ve [&hellip;]<\/p>\n","protected":false},"author":1,"featured_media":0,"parent":0,"menu_order":0,"comment_status":"closed","ping_status":"closed","template":"elementor_header_footer","meta":{"footnotes":""},"class_list":["post-98","page","type-page","status-publish","hentry"],"_links":{"self":[{"href":"https:\/\/legacy.mithrapack.com\/de\/wp-json\/wp\/v2\/pages\/98","targetHints":{"allow":["GET"]}}],"collection":[{"href":"https:\/\/legacy.mithrapack.com\/de\/wp-json\/wp\/v2\/pages"}],"about":[{"href":"https:\/\/legacy.mithrapack.com\/de\/wp-json\/wp\/v2\/types\/page"}],"author":[{"embeddable":true,"href":"https:\/\/legacy.mithrapack.com\/de\/wp-json\/wp\/v2\/users\/1"}],"replies":[{"embeddable":true,"href":"https:\/\/legacy.mithrapack.com\/de\/wp-json\/wp\/v2\/comments?post=98"}],"version-history":[{"count":0,"href":"https:\/\/legacy.mithrapack.com\/de\/wp-json\/wp\/v2\/pages\/98\/revisions"}],"wp:attachment":[{"href":"https:\/\/legacy.mithrapack.com\/de\/wp-json\/wp\/v2\/media?parent=98"}],"curies":[{"name":"wp","href":"https:\/\/api.w.org\/{rel}","templated":true}]}}