{"id":94,"date":"2025-01-28T23:02:32","date_gmt":"2025-01-28T20:02:32","guid":{"rendered":"https:\/\/darkcyan-mantis-631786.hostingersite.com\/?page_id=94"},"modified":"2025-08-08T20:06:56","modified_gmt":"2025-08-08T17:06:56","slug":"hijyen-ambalajlari","status":"publish","type":"page","link":"https:\/\/legacy.mithrapack.com\/de\/hijyen-ambalajlari\/","title":{"rendered":"Hygieneverpackungen"},"content":{"rendered":"\t\t<div data-elementor-type=\"wp-page\" data-elementor-id=\"94\" class=\"elementor elementor-94\" data-elementor-post-type=\"page\">\n\t\t\t\t<div class=\"elementor-element elementor-element-bd0508b e-con-full e-flex e-con e-parent\" data-id=\"bd0508b\" data-element_type=\"container\" data-e-type=\"container\">\n\t\t<div class=\"elementor-element elementor-element-4de6d2b e-flex e-con-boxed e-con e-child\" data-id=\"4de6d2b\" data-element_type=\"container\" data-e-type=\"container\" data-settings=\"{&quot;motion_fx_motion_fx_scrolling&quot;:&quot;yes&quot;,&quot;motion_fx_opacity_effect&quot;:&quot;yes&quot;,&quot;motion_fx_opacity_direction&quot;:&quot;in-out&quot;,&quot;motion_fx_opacity_range&quot;:{&quot;unit&quot;:&quot;%&quot;,&quot;size&quot;:&quot;&quot;,&quot;sizes&quot;:{&quot;start&quot;:90,&quot;end&quot;:95}},&quot;motion_fx_devices&quot;:[&quot;desktop&quot;],&quot;motion_fx_opacity_level&quot;:{&quot;unit&quot;:&quot;px&quot;,&quot;size&quot;:10,&quot;sizes&quot;:[]}}\">\n\t\t\t\t\t<div class=\"e-con-inner\">\n\t\t<div class=\"elementor-element elementor-element-879abce e-con-full e-flex e-con e-child\" data-id=\"879abce\" data-element_type=\"container\" data-e-type=\"container\" data-settings=\"{&quot;sticky&quot;:&quot;top&quot;,&quot;sticky_on&quot;:[&quot;desktop&quot;],&quot;sticky_offset&quot;:140,&quot;sticky_effects_offset&quot;:200,&quot;sticky_anchor_link_offset&quot;:1,&quot;sticky_parent&quot;:&quot;yes&quot;}\">\n\t\t\t\t<div class=\"elementor-element elementor-element-ced2620 elementor-widget__width-inherit elementor-widget-tablet__width-inherit elementor-icon-list--layout-traditional elementor-list-item-link-full_width elementor-widget elementor-widget-icon-list\" data-id=\"ced2620\" data-element_type=\"widget\" data-e-type=\"widget\" data-widget_type=\"icon-list.default\">\n\t\t\t\t<div class=\"elementor-widget-container\">\n\t\t\t\t\t\t\t<ul class=\"elementor-icon-list-items\">\n\t\t\t\t\t\t\t<li class=\"elementor-icon-list-item\">\n\t\t\t\t\t\t\t\t\t\t\t<span class=\"elementor-icon-list-icon\">\n\t\t\t\t\t\t\t<svg aria-hidden=\"true\" class=\"e-font-icon-svg e-far-dot-circle\" viewBox=\"0 0 512 512\" xmlns=\"http:\/\/www.w3.org\/2000\/svg\"><path d=\"M256 56c110.532 0 200 89.451 200 200 0 110.532-89.451 200-200 200-110.532 0-200-89.451-200-200 0-110.532 89.451-200 200-200m0-48C119.033 8 8 119.033 8 256s111.033 248 248 248 248-111.033 248-248S392.967 8 256 8zm0 168c-44.183 0-80 35.817-80 80s35.817 80 80 80 80-35.817 80-80-35.817-80-80-80z\"><\/path><\/svg>\t\t\t\t\t\t<\/span>\n\t\t\t\t\t\t\t\t\t\t<span class=\"elementor-icon-list-text\">Hijyen Ambalajlar\u0131<\/span>\n\t\t\t\t\t\t\t\t\t<\/li>\n\t\t\t\t\t\t<\/ul>\n\t\t\t\t\t\t<\/div>\n\t\t\t\t<\/div>\n\t\t\t\t<div class=\"elementor-element elementor-element-be335de elementor-widget__width-initial elementor-widget-tablet__width-inherit elementor-widget elementor-widget-text-editor\" data-id=\"be335de\" data-element_type=\"widget\" data-e-type=\"widget\" data-widget_type=\"text-editor.default\">\n\t\t\t\t<div class=\"elementor-widget-container\">\n\t\t\t\t\t\t\t\t\t<p>Marka de\u011ferinizi yukar\u0131 ta\u015f\u0131may\u0131 hedeflerken hijyen ambalajlar\u0131 ile ki\u015fisel ve ortam sa\u011fl\u0131\u011f\u0131n\u0131 koruyoruz.<\/p>\t\t\t\t\t\t\t\t<\/div>\n\t\t\t\t<\/div>\n\t\t\t\t<\/div>\n\t\t\t\t\t<\/div>\n\t\t\t\t<\/div>\n\t\t<div class=\"elementor-element elementor-element-0ac28cf e-flex e-con-boxed e-con e-child\" data-id=\"0ac28cf\" data-element_type=\"container\" data-e-type=\"container\">\n\t\t\t\t\t<div class=\"e-con-inner\">\n\t\t<div class=\"elementor-element elementor-element-5eaa347 e-con-full e-flex e-con e-child\" data-id=\"5eaa347\" data-element_type=\"container\" data-e-type=\"container\" data-settings=\"{&quot;background_background&quot;:&quot;classic&quot;}\">\n\t\t\t\t<div class=\"elementor-element elementor-element-64be172 elementor-widget elementor-widget-image\" data-id=\"64be172\" data-element_type=\"widget\" data-e-type=\"widget\" data-widget_type=\"image.default\">\n\t\t\t\t<div class=\"elementor-widget-container\">\n\t\t\t\t\t\t\t\t\t\t\t\t\t\t\t<img fetchpriority=\"high\" decoding=\"async\" width=\"700\" height=\"468\" src=\"https:\/\/legacy.mithrapack.com\/wp-content\/uploads\/2025\/02\/mithrapack-ambalaj-hijyen-ambalajlari-islak-mendil-ambalajlar.png\" class=\"attachment-full size-full wp-image-3408\" alt=\"\" srcset=\"https:\/\/legacy.mithrapack.com\/wp-content\/uploads\/2025\/02\/mithrapack-ambalaj-hijyen-ambalajlari-islak-mendil-ambalajlar.png 700w, https:\/\/legacy.mithrapack.com\/wp-content\/uploads\/2025\/02\/mithrapack-ambalaj-hijyen-ambalajlari-islak-mendil-ambalajlar-300x201.png 300w\" sizes=\"(max-width: 700px) 100vw, 700px\" \/>\t\t\t\t\t\t\t\t\t\t\t\t\t\t\t<\/div>\n\t\t\t\t<\/div>\n\t\t<div class=\"elementor-element elementor-element-5b10c2c e-con-full e-flex e-con e-child\" data-id=\"5b10c2c\" data-element_type=\"container\" data-e-type=\"container\">\n\t\t\t\t<div class=\"elementor-element elementor-element-fba9bf8 elementor-widget elementor-widget-heading\" data-id=\"fba9bf8\" data-element_type=\"widget\" data-e-type=\"widget\" data-widget_type=\"heading.default\">\n\t\t\t\t<div class=\"elementor-widget-container\">\n\t\t\t\t\t<h2 class=\"elementor-heading-title elementor-size-default\">Islak Mendil Ambalajlar\u0131<\/h2>\t\t\t\t<\/div>\n\t\t\t\t<\/div>\n\t\t\t\t<div class=\"elementor-element elementor-element-50d759e elementor-widget elementor-widget-text-editor\" data-id=\"50d759e\" data-element_type=\"widget\" data-e-type=\"widget\" data-widget_type=\"text-editor.default\">\n\t\t\t\t<div class=\"elementor-widget-container\">\n\t\t\t\t\t\t\t\t\t<p data-start=\"127\" data-end=\"306\">Mithrapack, \u00e7e\u015fitli rulo film ve torba \u00e7\u00f6z\u00fcmleri sunar ve bu \u00e7\u00f6z\u00fcmler, \u00f6zellikle alkol gibi paketlemesi zor maddeleri ve kimyasallar\u0131 g\u00fcvenle paketleyebilme \u00f6zelli\u011fiyle dikkat \u00e7eker. Bu \u00f6zel ambalajlar, y\u00fcksek kaliteli ve dayan\u0131kl\u0131 malzemelerden \u00fcretilir, b\u00f6ylece i\u00e7erdikleri maddelerin korunmas\u0131n\u0131 sa\u011flar ve g\u00fcvenli bir kullan\u0131m sa\u011flar.<\/p>\t\t\t\t\t\t\t\t<\/div>\n\t\t\t\t<\/div>\n\t\t\t\t<\/div>\n\t\t\t\t<\/div>\n\t\t<div class=\"elementor-element elementor-element-941d13a e-con-full e-flex e-con e-child\" data-id=\"941d13a\" data-element_type=\"container\" data-e-type=\"container\" data-settings=\"{&quot;background_background&quot;:&quot;classic&quot;}\">\n\t\t\t\t<div class=\"elementor-element elementor-element-941a582 elementor-widget elementor-widget-image\" data-id=\"941a582\" data-element_type=\"widget\" data-e-type=\"widget\" data-widget_type=\"image.default\">\n\t\t\t\t<div class=\"elementor-widget-container\">\n\t\t\t\t\t\t\t\t\t\t\t\t\t\t\t<img decoding=\"async\" width=\"700\" height=\"468\" src=\"https:\/\/legacy.mithrapack.com\/wp-content\/uploads\/2025\/02\/mithrapack-ambalaj-hijyen-ambalajlari-deterjan-ambalajlari.png\" class=\"attachment-full size-full wp-image-3407\" alt=\"\" srcset=\"https:\/\/legacy.mithrapack.com\/wp-content\/uploads\/2025\/02\/mithrapack-ambalaj-hijyen-ambalajlari-deterjan-ambalajlari.png 700w, https:\/\/legacy.mithrapack.com\/wp-content\/uploads\/2025\/02\/mithrapack-ambalaj-hijyen-ambalajlari-deterjan-ambalajlari-300x201.png 300w\" sizes=\"(max-width: 700px) 100vw, 700px\" \/>\t\t\t\t\t\t\t\t\t\t\t\t\t\t\t<\/div>\n\t\t\t\t<\/div>\n\t\t<div class=\"elementor-element elementor-element-71f8c8e e-con-full e-flex e-con e-child\" data-id=\"71f8c8e\" data-element_type=\"container\" data-e-type=\"container\">\n\t\t\t\t<div class=\"elementor-element elementor-element-6f63531 elementor-widget elementor-widget-heading\" data-id=\"6f63531\" data-element_type=\"widget\" data-e-type=\"widget\" data-widget_type=\"heading.default\">\n\t\t\t\t<div class=\"elementor-widget-container\">\n\t\t\t\t\t<h2 class=\"elementor-heading-title elementor-size-default\">Deterjan Ambalajlar\u0131<\/h2>\t\t\t\t<\/div>\n\t\t\t\t<\/div>\n\t\t\t\t<div class=\"elementor-element elementor-element-58cea48 elementor-widget elementor-widget-text-editor\" data-id=\"58cea48\" data-element_type=\"widget\" data-e-type=\"widget\" data-widget_type=\"text-editor.default\">\n\t\t\t\t<div class=\"elementor-widget-container\">\n\t\t\t\t\t\t\t\t\t<p data-start=\"127\" data-end=\"306\">Toz ve s\u0131v\u0131 deterjanlarla etkile\u015fime girmeyen malzemelerle s\u0131zd\u0131rmazl\u0131k sa\u011flayan dayan\u0131kl\u0131 ambalaj \u00e7\u00f6z\u00fcmleri sunuyoruz.<\/p>\t\t\t\t\t\t\t\t<\/div>\n\t\t\t\t<\/div>\n\t\t\t\t<\/div>\n\t\t\t\t<\/div>\n\t\t<div class=\"elementor-element elementor-element-db7a7ae e-con-full e-flex e-con e-child\" data-id=\"db7a7ae\" data-element_type=\"container\" data-e-type=\"container\" data-settings=\"{&quot;background_background&quot;:&quot;classic&quot;}\">\n\t\t\t\t<div class=\"elementor-element elementor-element-51ab44f elementor-widget elementor-widget-image\" data-id=\"51ab44f\" data-element_type=\"widget\" data-e-type=\"widget\" data-widget_type=\"image.default\">\n\t\t\t\t<div class=\"elementor-widget-container\">\n\t\t\t\t\t\t\t\t\t\t\t\t\t\t\t<img decoding=\"async\" width=\"700\" height=\"468\" src=\"https:\/\/legacy.mithrapack.com\/wp-content\/uploads\/2025\/02\/mithrapack-ambalaj-hijyen-ambalajlari-kagit-havlu-ambalajlari.png\" class=\"attachment-full size-full wp-image-3409\" alt=\"\" srcset=\"https:\/\/legacy.mithrapack.com\/wp-content\/uploads\/2025\/02\/mithrapack-ambalaj-hijyen-ambalajlari-kagit-havlu-ambalajlari.png 700w, https:\/\/legacy.mithrapack.com\/wp-content\/uploads\/2025\/02\/mithrapack-ambalaj-hijyen-ambalajlari-kagit-havlu-ambalajlari-300x201.png 300w\" sizes=\"(max-width: 700px) 100vw, 700px\" \/>\t\t\t\t\t\t\t\t\t\t\t\t\t\t\t<\/div>\n\t\t\t\t<\/div>\n\t\t<div class=\"elementor-element elementor-element-6163e9d e-con-full e-flex e-con e-child\" data-id=\"6163e9d\" data-element_type=\"container\" data-e-type=\"container\">\n\t\t\t\t<div class=\"elementor-element elementor-element-8df8497 elementor-widget elementor-widget-heading\" data-id=\"8df8497\" data-element_type=\"widget\" data-e-type=\"widget\" data-widget_type=\"heading.default\">\n\t\t\t\t<div class=\"elementor-widget-container\">\n\t\t\t\t\t<h2 class=\"elementor-heading-title elementor-size-default\">Ka\u011f\u0131t Havlu Ambalajlar\u0131<\/h2>\t\t\t\t<\/div>\n\t\t\t\t<\/div>\n\t\t\t\t<div class=\"elementor-element elementor-element-2280819 elementor-widget elementor-widget-text-editor\" data-id=\"2280819\" data-element_type=\"widget\" data-e-type=\"widget\" data-widget_type=\"text-editor.default\">\n\t\t\t\t<div class=\"elementor-widget-container\">\n\t\t\t\t\t\t\t\t\t<p data-start=\"127\" data-end=\"306\">Mithrapack\u2019\u0131n ka\u011f\u0131t havlu ambalajlar\u0131 \u00fcr\u00fcnlerinizi s\u0131v\u0131lardan ve tozdan korurken, \u00f6zel olarak se\u00e7ilmi\u015f ve y\u00fcksek kaliteli malzemelerle \u00fcretilir. Bu sayede \u00fcr\u00fcnleriniz hijyenini korurken, ambalajlar\u0131m\u0131z g\u00fcvenilir bir \u015fekilde \u00fcr\u00fcnlerinizi kullan\u0131c\u0131ya ula\u015ft\u0131r\u0131r.<\/p>\t\t\t\t\t\t\t\t<\/div>\n\t\t\t\t<\/div>\n\t\t\t\t<\/div>\n\t\t\t\t<\/div>\n\t\t<div class=\"elementor-element elementor-element-cba46cd e-con-full e-flex e-con e-child\" data-id=\"cba46cd\" data-element_type=\"container\" data-e-type=\"container\" data-settings=\"{&quot;background_background&quot;:&quot;classic&quot;,&quot;motion_fx_motion_fx_scrolling&quot;:&quot;yes&quot;,&quot;motion_fx_opacity_effect&quot;:&quot;yes&quot;,&quot;motion_fx_opacity_direction&quot;:&quot;in-out&quot;,&quot;motion_fx_opacity_range&quot;:{&quot;unit&quot;:&quot;%&quot;,&quot;size&quot;:&quot;&quot;,&quot;sizes&quot;:{&quot;start&quot;:90,&quot;end&quot;:95}},&quot;motion_fx_opacity_level&quot;:{&quot;unit&quot;:&quot;px&quot;,&quot;size&quot;:10,&quot;sizes&quot;:[]},&quot;motion_fx_devices&quot;:[&quot;desktop&quot;,&quot;tablet&quot;,&quot;mobile&quot;]}\">\n\t\t\t\t<div class=\"elementor-element elementor-element-c4206ce elementor-widget elementor-widget-image\" data-id=\"c4206ce\" data-element_type=\"widget\" data-e-type=\"widget\" data-widget_type=\"image.default\">\n\t\t\t\t<div class=\"elementor-widget-container\">\n\t\t\t\t\t\t\t\t\t\t\t\t\t\t\t<img loading=\"lazy\" decoding=\"async\" width=\"700\" height=\"468\" src=\"https:\/\/legacy.mithrapack.com\/wp-content\/uploads\/2025\/02\/mithrapack-ambalaj-hijyen-ambalajlari-atik-yonetim-torbalari.png\" class=\"attachment-full size-full wp-image-3406\" alt=\"\" srcset=\"https:\/\/legacy.mithrapack.com\/wp-content\/uploads\/2025\/02\/mithrapack-ambalaj-hijyen-ambalajlari-atik-yonetim-torbalari.png 700w, https:\/\/legacy.mithrapack.com\/wp-content\/uploads\/2025\/02\/mithrapack-ambalaj-hijyen-ambalajlari-atik-yonetim-torbalari-300x201.png 300w\" sizes=\"(max-width: 700px) 100vw, 700px\" \/>\t\t\t\t\t\t\t\t\t\t\t\t\t\t\t<\/div>\n\t\t\t\t<\/div>\n\t\t<div class=\"elementor-element elementor-element-3b2594e e-con-full e-flex e-con e-child\" data-id=\"3b2594e\" data-element_type=\"container\" data-e-type=\"container\">\n\t\t\t\t<div class=\"elementor-element elementor-element-af5cdca elementor-widget elementor-widget-heading\" data-id=\"af5cdca\" data-element_type=\"widget\" data-e-type=\"widget\" data-widget_type=\"heading.default\">\n\t\t\t\t<div class=\"elementor-widget-container\">\n\t\t\t\t\t<h2 class=\"elementor-heading-title elementor-size-default\">At\u0131k Y\u00f6netim Torbalar\u0131<\/h2>\t\t\t\t<\/div>\n\t\t\t\t<\/div>\n\t\t\t\t<div class=\"elementor-element elementor-element-89ee3c3 elementor-widget elementor-widget-text-editor\" data-id=\"89ee3c3\" data-element_type=\"widget\" data-e-type=\"widget\" data-widget_type=\"text-editor.default\">\n\t\t\t\t<div class=\"elementor-widget-container\">\n\t\t\t\t\t\t\t\t\t<p>Mithrapack\u2019\u0131n at\u0131k y\u00f6netim torbalar\u0131, at\u0131klar\u0131n g\u00fcvenli ve hijyenik bir \u015fekilde toplanmas\u0131 ve ta\u015f\u0131nmas\u0131 i\u00e7in \u00f6zel olarak tasarlanm\u0131\u015ft\u0131r. Dayan\u0131kl\u0131 ve sa\u011flam malzemelerden \u00fcretilen torbalar\u0131m\u0131z, at\u0131klar\u0131n s\u0131zd\u0131rmaz bir \u015fekilde ta\u015f\u0131nmas\u0131n\u0131 sa\u011flar, b\u00f6ylece \u00e7evreye zarar vermeden at\u0131k y\u00f6netim s\u00fcre\u00e7lerine katk\u0131 sa\u011flar.<\/p>\t\t\t\t\t\t\t\t<\/div>\n\t\t\t\t<\/div>\n\t\t\t\t<\/div>\n\t\t\t\t<\/div>\n\t\t\t\t\t<\/div>\n\t\t\t\t<\/div>\n\t\t\t\t<\/div>\n\t\t\t\t<\/div>\n\t\t","protected":false},"excerpt":{"rendered":"<p>Hijyen Ambalajlar\u0131 Marka de\u011ferinizi yukar\u0131 ta\u015f\u0131may\u0131 hedeflerken hijyen ambalajlar\u0131 ile ki\u015fisel ve ortam sa\u011fl\u0131\u011f\u0131n\u0131 koruyoruz. Islak Mendil Ambalajlar\u0131 Mithrapack, \u00e7e\u015fitli rulo film ve torba \u00e7\u00f6z\u00fcmleri sunar ve bu \u00e7\u00f6z\u00fcmler, \u00f6zellikle alkol gibi paketlemesi zor maddeleri ve kimyasallar\u0131 g\u00fcvenle paketleyebilme \u00f6zelli\u011fiyle dikkat \u00e7eker. Bu \u00f6zel ambalajlar, y\u00fcksek kaliteli ve dayan\u0131kl\u0131 malzemelerden \u00fcretilir, b\u00f6ylece i\u00e7erdikleri maddelerin korunmas\u0131n\u0131 [&hellip;]<\/p>\n","protected":false},"author":1,"featured_media":0,"parent":0,"menu_order":0,"comment_status":"closed","ping_status":"closed","template":"elementor_header_footer","meta":{"footnotes":""},"class_list":["post-94","page","type-page","status-publish","hentry"],"_links":{"self":[{"href":"https:\/\/legacy.mithrapack.com\/de\/wp-json\/wp\/v2\/pages\/94","targetHints":{"allow":["GET"]}}],"collection":[{"href":"https:\/\/legacy.mithrapack.com\/de\/wp-json\/wp\/v2\/pages"}],"about":[{"href":"https:\/\/legacy.mithrapack.com\/de\/wp-json\/wp\/v2\/types\/page"}],"author":[{"embeddable":true,"href":"https:\/\/legacy.mithrapack.com\/de\/wp-json\/wp\/v2\/users\/1"}],"replies":[{"embeddable":true,"href":"https:\/\/legacy.mithrapack.com\/de\/wp-json\/wp\/v2\/comments?post=94"}],"version-history":[{"count":0,"href":"https:\/\/legacy.mithrapack.com\/de\/wp-json\/wp\/v2\/pages\/94\/revisions"}],"wp:attachment":[{"href":"https:\/\/legacy.mithrapack.com\/de\/wp-json\/wp\/v2\/media?parent=94"}],"curies":[{"name":"wp","href":"https:\/\/api.w.org\/{rel}","templated":true}]}}